{"id":1230,"date":"2024-12-05T11:48:46","date_gmt":"2024-12-05T11:48:46","guid":{"rendered":"https:\/\/alassilparfum.com\/?post_type=product&#038;p=1230"},"modified":"2024-12-05T14:45:40","modified_gmt":"2024-12-05T14:45:40","slug":"alassil-058","status":"publish","type":"product","link":"https:\/\/alassilparfum.com\/ar\/product\/alassil-058\/","title":{"rendered":"<span class='brand-text'>Evoque  Allure \u00c9dition Blanche  de  CHANEL<\/span> - ALASSIL-058"},"content":{"rendered":"<h2>Un parfum captivant<\/h2>\n<p>Notre parfum \u00e9quivalent \u00e0 Allure \u00e9dition blanche de Chanel est une v\u00e9ritable invitation \u00e0 la fra\u00eecheur et \u00e0 l&rsquo;\u00e9l\u00e9gance. Avec ses notes raffin\u00e9es, il sait s\u00e9duire chaque personne qui le porte.<\/p>\n<h2>Des notes fra\u00eeches et florales<\/h2>\n<p>Ce parfum se distingue par ses notes florales d\u00e9licates et sa touche de citron. Chaque vaporisation \u00e9voque un sentiment de l\u00e9g\u00e8ret\u00e9, id\u00e9al pour les journ\u00e9es ensoleill\u00e9es.<\/p>\n<h2>Un choix parfait pour toutes les occasions<\/h2>\n<p>Que vous vous pr\u00e9pariez pour une sortie d\u00e9contract\u00e9e ou un \u00e9v\u00e9nement chic, notre \u00e9quivalent saura vous accompagner avec sophistication. Offrez-vous ce bijou olfactif, un v\u00e9ritable r\u00e9gal pour les sens.<\/p>","protected":false},"excerpt":{"rendered":"<p>Un parfum captivant Notre parfum \u00e9quivalent \u00e0 Allure \u00e9dition blanche de Chanel est une v\u00e9ritable invitation \u00e0 la fra\u00eecheur et \u00e0 l&rsquo;\u00e9l\u00e9gance. Avec ses notes raffin\u00e9es, il sait s\u00e9duire chaque personne qui le porte. Des notes fra\u00eeches et florales Ce parfum se distingue par ses notes florales d\u00e9licates et sa touche de citron. Chaque vaporisation&hellip;<\/p>","protected":false},"featured_media":43,"comment_status":"open","ping_status":"closed","template":"","meta":[],"product_cat":[17],"product_tag":[],"brand":[571,41],"note":[200,147,156,413,470,157,146,529,201,234,145,199,202],"usage":[406,407],"season":[223,221],"class_list":{"0":"post-1230","1":"product","2":"type-product","3":"status-publish","4":"has-post-thumbnail","6":"product_cat-homme","7":"brand-allure-edition-blanche","8":"brand-chanel","9":"note-ambre","10":"note-base","11":"note-bergamote","12":"note-bois-de-santal-coeur","13":"note-cedre-coeur","14":"note-citron","15":"note-coeur","16":"note-frais","17":"note-musc","18":"note-oriental","19":"note-tete","20":"note-vanille","21":"note-vetiver","22":"usage-les-occasions-speciales","23":"usage-soirees","24":"season-lautomne","25":"season-printemps","27":"first","28":"instock","29":"taxable","30":"shipping-taxable","31":"purchasable","32":"product-type-variable"},"_links":{"self":[{"href":"https:\/\/alassilparfum.com\/ar\/wp-json\/wp\/v2\/product\/1230","targetHints":{"allow":["GET"]}}],"collection":[{"href":"https:\/\/alassilparfum.com\/ar\/wp-json\/wp\/v2\/product"}],"about":[{"href":"https:\/\/alassilparfum.com\/ar\/wp-json\/wp\/v2\/types\/product"}],"replies":[{"embeddable":true,"href":"https:\/\/alassilparfum.com\/ar\/wp-json\/wp\/v2\/comments?post=1230"}],"wp:featuredmedia":[{"embeddable":true,"href":"https:\/\/alassilparfum.com\/ar\/wp-json\/wp\/v2\/media\/43"}],"wp:attachment":[{"href":"https:\/\/alassilparfum.com\/ar\/wp-json\/wp\/v2\/media?parent=1230"}],"wp:term":[{"taxonomy":"product_cat","embeddable":true,"href":"https:\/\/alassilparfum.com\/ar\/wp-json\/wp\/v2\/product_cat?post=1230"},{"taxonomy":"product_tag","embeddable":true,"href":"https:\/\/alassilparfum.com\/ar\/wp-json\/wp\/v2\/product_tag?post=1230"},{"taxonomy":"brand","embeddable":true,"href":"https:\/\/alassilparfum.com\/ar\/wp-json\/wp\/v2\/brand?post=1230"},{"taxonomy":"note","embeddable":true,"href":"https:\/\/alassilparfum.com\/ar\/wp-json\/wp\/v2\/note?post=1230"},{"taxonomy":"usage","embeddable":true,"href":"https:\/\/alassilparfum.com\/ar\/wp-json\/wp\/v2\/usage?post=1230"},{"taxonomy":"season","embeddable":true,"href":"https:\/\/alassilparfum.com\/ar\/wp-json\/wp\/v2\/season?post=1230"}],"curies":[{"name":"wp","href":"https:\/\/api.w.org\/{rel}","templated":true}]}}