{"id":1274,"date":"2024-12-27T18:05:17","date_gmt":"2024-12-27T18:05:17","guid":{"rendered":"https:\/\/alassilparfum.com\/?post_type=product&#038;p=1274"},"modified":"2025-11-14T11:17:38","modified_gmt":"2025-11-14T11:17:38","slug":"alassil-066","status":"publish","type":"product","link":"https:\/\/alassilparfum.com\/ar\/product\/alassil-066\/","title":{"rendered":"<span class='brand-text'>Evoque  Coco Mademoiselle  de  CHANEL<\/span> - ALASSIL-066"},"content":{"rendered":"<h2>Un parfum irr\u00e9sistible<\/h2>\n<p>Notre parfum \u00e9quivalent \u00e0 Coco Mademoiselle de Chanel capture l&rsquo;essence m\u00eame de la sophistication et du chic. Avec sa composition \u00e9toff\u00e9e, il \u00e9voque une aura de myst\u00e8re et d&rsquo;\u00e9l\u00e9gance unique.<\/p>\n<h2>Une senteur raffin\u00e9e<\/h2>\n<p>Ce parfum se distingue par ses notes florales d\u00e9licates, m\u00e9lang\u00e9es \u00e0 des touches fruit\u00e9es. Il offre une exp\u00e9rience sensorielle captivante qui rappelle le style intemporel de Coco Mademoiselle.<\/p>\n<h2>Qualit\u00e9 et excellence<\/h2>\n<p>Fabriqu\u00e9 avec des ingr\u00e9dients de haute qualit\u00e9, notre \u00e9quivalent est con\u00e7u pour durer. Faites l\u2019exp\u00e9rience d&rsquo;une fragrance luxueuse sans le prix \u00e9lev\u00e9, tout en restant fid\u00e8le \u00e0 l\u2019esprit de Chanel.<\/p>","protected":false},"excerpt":{"rendered":"<p>Un parfum irr\u00e9sistible Notre parfum \u00e9quivalent \u00e0 Coco Mademoiselle de Chanel capture l&rsquo;essence m\u00eame de la sophistication et du chic. Avec sa composition \u00e9toff\u00e9e, il \u00e9voque une aura de myst\u00e8re et d&rsquo;\u00e9l\u00e9gance unique. Une senteur raffin\u00e9e Ce parfum se distingue par ses notes florales d\u00e9licates, m\u00e9lang\u00e9es \u00e0 des touches fruit\u00e9es. Il offre une exp\u00e9rience sensorielle&hellip;<\/p>","protected":false},"featured_media":1982,"comment_status":"open","ping_status":"closed","template":"","meta":[],"product_cat":[16],"product_tag":[],"brand":[41,583],"note":[147,156,235,146,205,454,233,178,159,201,424,198,177,145,199,202,179],"usage":[217,406,218],"season":[223,224,221],"class_list":{"0":"post-1274","1":"product","2":"type-product","3":"status-publish","4":"has-post-thumbnail","6":"product_cat-femme","7":"brand-chanel","8":"brand-coco-mademoiselle","9":"note-base","10":"note-bergamote","11":"note-chypre","12":"note-coeur","13":"note-feve-tonka","14":"note-fleur-doranger-tete","15":"note-floral","16":"note-jasmin","17":"note-mandarine","18":"note-musc","19":"note-orange-tete","20":"note-patchouli","21":"note-rose","22":"note-tete","23":"note-vanille","24":"note-vetiver","25":"note-ylang-ylang","26":"usage-jour","27":"usage-les-occasions-speciales","28":"usage-nuit","29":"season-lautomne","30":"season-lhiver","31":"season-printemps","33":"first","34":"instock","35":"taxable","36":"shipping-taxable","37":"purchasable","38":"product-type-variable"},"_links":{"self":[{"href":"https:\/\/alassilparfum.com\/ar\/wp-json\/wp\/v2\/product\/1274","targetHints":{"allow":["GET"]}}],"collection":[{"href":"https:\/\/alassilparfum.com\/ar\/wp-json\/wp\/v2\/product"}],"about":[{"href":"https:\/\/alassilparfum.com\/ar\/wp-json\/wp\/v2\/types\/product"}],"replies":[{"embeddable":true,"href":"https:\/\/alassilparfum.com\/ar\/wp-json\/wp\/v2\/comments?post=1274"}],"wp:featuredmedia":[{"embeddable":true,"href":"https:\/\/alassilparfum.com\/ar\/wp-json\/wp\/v2\/media\/1982"}],"wp:attachment":[{"href":"https:\/\/alassilparfum.com\/ar\/wp-json\/wp\/v2\/media?parent=1274"}],"wp:term":[{"taxonomy":"product_cat","embeddable":true,"href":"https:\/\/alassilparfum.com\/ar\/wp-json\/wp\/v2\/product_cat?post=1274"},{"taxonomy":"product_tag","embeddable":true,"href":"https:\/\/alassilparfum.com\/ar\/wp-json\/wp\/v2\/product_tag?post=1274"},{"taxonomy":"brand","embeddable":true,"href":"https:\/\/alassilparfum.com\/ar\/wp-json\/wp\/v2\/brand?post=1274"},{"taxonomy":"note","embeddable":true,"href":"https:\/\/alassilparfum.com\/ar\/wp-json\/wp\/v2\/note?post=1274"},{"taxonomy":"usage","embeddable":true,"href":"https:\/\/alassilparfum.com\/ar\/wp-json\/wp\/v2\/usage?post=1274"},{"taxonomy":"season","embeddable":true,"href":"https:\/\/alassilparfum.com\/ar\/wp-json\/wp\/v2\/season?post=1274"}],"curies":[{"name":"wp","href":"https:\/\/api.w.org\/{rel}","templated":true}]}}