{"id":1532,"date":"2025-05-18T07:25:58","date_gmt":"2025-05-18T07:25:58","guid":{"rendered":"https:\/\/alassilparfum.com\/product\/alassil-072\/"},"modified":"2026-02-17T10:12:15","modified_gmt":"2026-02-17T10:12:15","slug":"alassil-072","status":"publish","type":"product","link":"https:\/\/alassilparfum.com\/ar\/product\/alassil-072\/","title":{"rendered":"<span class='brand-text'>Evoque  D\u00c9CLARATION  de  Cartier<\/span> - ALASSIL-072"},"content":{"rendered":"<h2>D\u00e9couvrez la magie de D\u00c9CLARATION<\/h2>\n<p>Entrez dans un monde de sophistication avec notre dupe de parfum D\u00c9CLARATION. Inspir\u00e9 par l&rsquo;original, ce parfum \u00e9voque une sensualit\u00e9 magn\u00e9tique qui capte l&rsquo;attention et laisse une impression durable. Laissez-vous s\u00e9duire par ses ar\u00f4mes raffin\u00e9s, parfaits pour l&rsquo;homme moderne qui souhaite affirmer sa personnalit\u00e9 sans compromis.<\/p>\n<h2>Notes et familles olfactives d\u00e9taill\u00e9es<\/h2>\n<p>\u00c9voquant la chaleur du succ\u00e8s et l&rsquo;\u00e9l\u00e9gance classique, notre dupe de parfum se distingue par sa composition soigneusement \u00e9labor\u00e9e. Il appartient \u00e0 la famille olfactive bois\u00e9e \u00e9pic\u00e9e, ce qui le rend id\u00e9al pour les hommes qui aiment les senteurs riches et complexes. Les notes de t\u00eate sont domin\u00e9es par des agrumes frais, apportant une explosion de vitalit\u00e9 d\u00e8s le premier vaporisateur. En c\u0153ur, la douceur des \u00e9pices se m\u00eale \u00e0 des notes florales subtiles, cr\u00e9ant une aura \u00e0 la fois r\u00e9confortante et unique. En fond, les accords bois\u00e9s et musqu\u00e9s offrent une long\u00e9vit\u00e9 remarquable, assurant que votre parfum vous accompagne tout au long de la journ\u00e9e.<\/p>\n<h2>Le parfum id\u00e9al pour chaque saison<\/h2>\n<p>Ce dupe de parfum D\u00c9CLARATION est parfait pour \u00eatre port\u00e9 tout au long de l&rsquo;ann\u00e9e, mais il se r\u00e9v\u00e8le particuli\u00e8rement agr\u00e9able durant les saisons plus fra\u00eeches. Les notes chaleureuses et bois\u00e9es sont id\u00e9ales pour l&rsquo;automne et l&rsquo;hiver, apportant une sensation de confort chaud m\u00eame lors des jours les plus froids. En outre, sa fra\u00eecheur initiale en fait un compagnon id\u00e9al pour les soir\u00e9es d&rsquo;\u00e9t\u00e9. \u00c0 chaque saison, ce parfum saura vous accompagner dans vos moments de vie, que ce soit pour une r\u00e9union professionnelle ou une soir\u00e9e romantique, en vous laissant une empreinte inoubliable.<\/p>","protected":false},"excerpt":{"rendered":"<p>D\u00e9couvrez la magie de D\u00c9CLARATION Entrez dans un monde de sophistication avec notre dupe de parfum D\u00c9CLARATION. Inspir\u00e9 par l&rsquo;original, ce parfum \u00e9voque une sensualit\u00e9 magn\u00e9tique qui capte l&rsquo;attention et laisse une impression durable. Laissez-vous s\u00e9duire par ses ar\u00f4mes raffin\u00e9s, parfaits pour l&rsquo;homme moderne qui souhaite affirmer sa personnalit\u00e9 sans compromis. Notes et familles olfactives&hellip;<\/p>","protected":false},"featured_media":2104,"comment_status":"open","ping_status":"closed","template":"","meta":[],"product_cat":[17],"product_tag":[],"brand":[587,588],"note":[156,197,231,463,579,382,201,145],"usage":[597,598],"season":[223,224],"class_list":{"0":"post-1532","1":"product","2":"type-product","3":"status-publish","4":"has-post-thumbnail","6":"product_cat-homme","7":"brand-cartier","8":"brand-declaration","9":"note-bergamote","10":"note-bois-de-santal","11":"note-boisee","12":"note-ciste-coeur","13":"note-coing-tete","14":"note-encens-coeur","15":"note-musc","16":"note-tete","17":"usage-une-reunion-professionnelle","18":"usage-une-soiree-romantique","19":"season-lautomne","20":"season-lhiver","22":"first","23":"instock","24":"taxable","25":"shipping-taxable","26":"purchasable","27":"product-type-variable"},"_links":{"self":[{"href":"https:\/\/alassilparfum.com\/ar\/wp-json\/wp\/v2\/product\/1532","targetHints":{"allow":["GET"]}}],"collection":[{"href":"https:\/\/alassilparfum.com\/ar\/wp-json\/wp\/v2\/product"}],"about":[{"href":"https:\/\/alassilparfum.com\/ar\/wp-json\/wp\/v2\/types\/product"}],"replies":[{"embeddable":true,"href":"https:\/\/alassilparfum.com\/ar\/wp-json\/wp\/v2\/comments?post=1532"}],"wp:featuredmedia":[{"embeddable":true,"href":"https:\/\/alassilparfum.com\/ar\/wp-json\/wp\/v2\/media\/2104"}],"wp:attachment":[{"href":"https:\/\/alassilparfum.com\/ar\/wp-json\/wp\/v2\/media?parent=1532"}],"wp:term":[{"taxonomy":"product_cat","embeddable":true,"href":"https:\/\/alassilparfum.com\/ar\/wp-json\/wp\/v2\/product_cat?post=1532"},{"taxonomy":"product_tag","embeddable":true,"href":"https:\/\/alassilparfum.com\/ar\/wp-json\/wp\/v2\/product_tag?post=1532"},{"taxonomy":"brand","embeddable":true,"href":"https:\/\/alassilparfum.com\/ar\/wp-json\/wp\/v2\/brand?post=1532"},{"taxonomy":"note","embeddable":true,"href":"https:\/\/alassilparfum.com\/ar\/wp-json\/wp\/v2\/note?post=1532"},{"taxonomy":"usage","embeddable":true,"href":"https:\/\/alassilparfum.com\/ar\/wp-json\/wp\/v2\/usage?post=1532"},{"taxonomy":"season","embeddable":true,"href":"https:\/\/alassilparfum.com\/ar\/wp-json\/wp\/v2\/season?post=1532"}],"curies":[{"name":"wp","href":"https:\/\/api.w.org\/{rel}","templated":true}]}}