{"id":1542,"date":"2025-05-18T07:26:00","date_gmt":"2025-05-18T07:26:00","guid":{"rendered":"https:\/\/alassilparfum.com\/product\/alassil-082\/"},"modified":"2025-05-24T19:57:08","modified_gmt":"2025-05-24T19:57:08","slug":"alassil-082","status":"publish","type":"product","link":"https:\/\/alassilparfum.com\/ar\/product\/alassil-082\/","title":{"rendered":"<span class='brand-text'>Evoque  D&amp;G pour homme  de  DOLCE &amp; GABBANA<\/span> - ALASSIL-082"},"content":{"rendered":"<h2>D\u00e9couvrez le Dupe de Parfum Dolce &amp; Gabbana<\/h2>\n<p>Plongez dans l&rsquo;univers raffin\u00e9 et s\u00e9duisant de notre dupe de parfum Dolce &amp; Gabbana pour homme. Ce parfum incarne l&rsquo;\u00e9l\u00e9gance et la virilit\u00e9, parfait pour l&rsquo;homme qui souhaite affirmer son style tout en restant accessible. En capturant l&rsquo;essence m\u00eame de Dolce &amp; Gabbana, ce dupe vous offre un parfum de luxe \u00e0 un prix imbattable.<\/p>\n<h2>Une Composition Olfactive \u00c9quilibr\u00e9e<\/h2>\n<p>Ce dupe de parfum se distingue par sa famille olfactive orientale bois\u00e9e, id\u00e9ale pour cr\u00e9er une empreinte m\u00e9morable. Les notes de t\u00eate sont d&rsquo;une fra\u00eecheur \u00e9clatante, m\u00ealant des agrumes p\u00e9tillants et des \u00e9pices l\u00e9g\u00e8res qui \u00e9veillent les sens. En c\u0153ur, des accords floraux et bois\u00e9s viennent enrichir la fragrance, apportant profondeur et complexit\u00e9. Enfin, les notes de fond, aux accents chaleureux de bois de santal et de musc, assurent une long\u00e9vit\u00e9 remarquable qui vous accompagnera tout au long de votre journ\u00e9e.<\/p>\n<h2>Une Exp\u00e9rience Parfum\u00e9e pour Chaque Saison<\/h2>\n<p>Ce dupe est particuli\u00e8rement adapt\u00e9 pour le printemps et l&rsquo;\u00e9t\u00e9, p\u00e9riode o\u00f9 ses notes fra\u00eeches et l\u00e9g\u00e8res peuvent s&rsquo;\u00e9panouir pleinement. Que ce soit pour une journ\u00e9e au bureau ou une soir\u00e9e entre amis, ce parfum s&rsquo;adapte \u00e0 toutes les occasions, vous permettant de laisser une impression durable sans effort. Son rapport qualit\u00e9-prix en fait un incontournable pour ceux qui recherchent \u00e0 diversifier leur collection de parfums sans d\u00e9penser une fortune.<\/p>\n<p>Faites l&rsquo;exp\u00e9rience de ce dupe de parfum Dolce &amp; Gabbana pour homme et laissez-vous s\u00e9duire par une essence qui allie luxe, style et accessibilit\u00e9. Offrez-vous cette fragrance unique aujourd&rsquo;hui et montrez au monde qui vous \u00eates vraiment !<\/p>","protected":false},"excerpt":{"rendered":"<p>D\u00e9couvrez le Dupe de Parfum Dolce &amp; Gabbana Plongez dans l&rsquo;univers raffin\u00e9 et s\u00e9duisant de notre dupe de parfum Dolce &amp; Gabbana pour homme. Ce parfum incarne l&rsquo;\u00e9l\u00e9gance et la virilit\u00e9, parfait pour l&rsquo;homme qui souhaite affirmer son style tout en restant accessible. En capturant l&rsquo;essence m\u00eame de Dolce &amp; Gabbana, ce dupe vous offre&hellip;<\/p>","protected":false},"featured_media":0,"comment_status":"open","ping_status":"closed","template":"","meta":[],"product_cat":[17],"product_tag":[],"brand":[613,612],"note":[147,197,231,201,234,145],"usage":[614,600],"season":[222,221],"class_list":{"0":"post-1542","1":"product","2":"type-product","3":"status-publish","5":"product_cat-homme","6":"brand-dg-pour-homme","7":"brand-dolce-gabbana","8":"note-base","9":"note-bois-de-santal","10":"note-boisee","11":"note-musc","12":"note-oriental","13":"note-tete","14":"usage-journee-au-bureau","15":"usage-soiree-entre-amis","16":"season-lete","17":"season-printemps","19":"first","20":"instock","21":"taxable","22":"shipping-taxable","23":"purchasable","24":"product-type-variable","25":"has-default-attributes"},"_links":{"self":[{"href":"https:\/\/alassilparfum.com\/ar\/wp-json\/wp\/v2\/product\/1542","targetHints":{"allow":["GET"]}}],"collection":[{"href":"https:\/\/alassilparfum.com\/ar\/wp-json\/wp\/v2\/product"}],"about":[{"href":"https:\/\/alassilparfum.com\/ar\/wp-json\/wp\/v2\/types\/product"}],"replies":[{"embeddable":true,"href":"https:\/\/alassilparfum.com\/ar\/wp-json\/wp\/v2\/comments?post=1542"}],"wp:attachment":[{"href":"https:\/\/alassilparfum.com\/ar\/wp-json\/wp\/v2\/media?parent=1542"}],"wp:term":[{"taxonomy":"product_cat","embeddable":true,"href":"https:\/\/alassilparfum.com\/ar\/wp-json\/wp\/v2\/product_cat?post=1542"},{"taxonomy":"product_tag","embeddable":true,"href":"https:\/\/alassilparfum.com\/ar\/wp-json\/wp\/v2\/product_tag?post=1542"},{"taxonomy":"brand","embeddable":true,"href":"https:\/\/alassilparfum.com\/ar\/wp-json\/wp\/v2\/brand?post=1542"},{"taxonomy":"note","embeddable":true,"href":"https:\/\/alassilparfum.com\/ar\/wp-json\/wp\/v2\/note?post=1542"},{"taxonomy":"usage","embeddable":true,"href":"https:\/\/alassilparfum.com\/ar\/wp-json\/wp\/v2\/usage?post=1542"},{"taxonomy":"season","embeddable":true,"href":"https:\/\/alassilparfum.com\/ar\/wp-json\/wp\/v2\/season?post=1542"}],"curies":[{"name":"wp","href":"https:\/\/api.w.org\/{rel}","templated":true}]}}