{"id":1644,"date":"2025-05-18T07:26:24","date_gmt":"2025-05-18T07:26:24","guid":{"rendered":"https:\/\/alassilparfum.com\/product\/alassil-186\/"},"modified":"2026-02-17T14:25:41","modified_gmt":"2026-02-17T14:25:41","slug":"alassil-186","status":"publish","type":"product","link":"https:\/\/alassilparfum.com\/ar\/product\/alassil-186\/","title":{"rendered":"<span class='brand-text'>Evoque  Le M\u00e1le Elixir  de  Jean Paul Gaultier<\/span> - ALASSIL-186"},"content":{"rendered":"<h2>Introduction : Une alternative de luxe et accessible<\/h2>\n<p>D\u00e9couvrez le parfum ALASSIL-186, une cr\u00e9ation qui r\u00e9interpr\u00e8te l&rsquo;essence de Le Male Elixir de Jean Paul Gaultier. \u00c9l\u00e9gant et sophistiqu\u00e9, ce parfum offre une alternative parfaite \u00e0 son inspiration originale. Pens\u00e9 pour ceux qui recherchent une fragrance \u00e0 la fois luxueuse et abordable, ALASSIL-186 incarne le raffinement sans compromis.<\/p>\n<h2>Le Sillage : Des notes olfactives envo\u00fbtantes<\/h2>\n<p>Le sillage d&rsquo;ALASSIL-186 \u00e9voque un m\u00e9lange envo\u00fbtant de fra\u00eecheur et de profondeur. Ses notes de t\u00eate se d\u00e9voilent avec une explosion de menthe poivr\u00e9e et de bergamote, offrant une ouverture vibrante et enivrante. Au c\u0153ur, des accords de lavande et de cannelle s\u2019entrelacent pour ajouter une touche chaleureuse et sensuelle. Enfin, les notes de fond de vanille, patchouli et bois ambr\u00e9 apportent un caract\u00e8re irr\u00e9sistible et durable.<\/p>\n<h2>L&rsquo;Argument : Une tenue longue dur\u00e9e et un style incomparable<\/h2>\n<p>ALASSIL-186 ne se contente pas de reproduire l&rsquo;\u00e9l\u00e9gance olfactive de son inspiration; il offre \u00e9galement une tenue exceptionnelle qui accompagne votre journ\u00e9e avec assurance et style. En plus de son sillage envo\u00fbtant, il b\u00e9n\u00e9ficie d&rsquo;une composition minutieusement con\u00e7ue pour durer, m\u00eame lors de vos journ\u00e9es les plus actives. Ce parfum est une d\u00e9claration de personnalit\u00e9, id\u00e9ale pour ceux qui recherchent un compagnon olfactif qui refl\u00e8te l&rsquo;\u00e9l\u00e9gance accessible et le raffinement intemporel.<\/p>","protected":false},"excerpt":{"rendered":"<p>Introduction : Une alternative de luxe et accessible D\u00e9couvrez le parfum ALASSIL-186, une cr\u00e9ation qui r\u00e9interpr\u00e8te l&rsquo;essence de Le Male Elixir de Jean Paul Gaultier. \u00c9l\u00e9gant et sophistiqu\u00e9, ce parfum offre une alternative parfaite \u00e0 son inspiration originale. Pens\u00e9 pour ceux qui recherchent une fragrance \u00e0 la fois luxueuse et abordable, ALASSIL-186 incarne le raffinement&hellip;<\/p>","protected":false},"featured_media":2105,"comment_status":"open","ping_status":"closed","template":"","meta":[],"product_cat":[17],"product_tag":[],"brand":[630,640],"note":[],"usage":[],"season":[],"class_list":{"0":"post-1644","1":"product","2":"type-product","3":"status-publish","4":"has-post-thumbnail","6":"product_cat-homme","7":"brand-jean-paul-gaultier","8":"brand-le-male-elixir","10":"first","11":"instock","12":"taxable","13":"shipping-taxable","14":"purchasable","15":"product-type-variable"},"_links":{"self":[{"href":"https:\/\/alassilparfum.com\/ar\/wp-json\/wp\/v2\/product\/1644","targetHints":{"allow":["GET"]}}],"collection":[{"href":"https:\/\/alassilparfum.com\/ar\/wp-json\/wp\/v2\/product"}],"about":[{"href":"https:\/\/alassilparfum.com\/ar\/wp-json\/wp\/v2\/types\/product"}],"replies":[{"embeddable":true,"href":"https:\/\/alassilparfum.com\/ar\/wp-json\/wp\/v2\/comments?post=1644"}],"wp:featuredmedia":[{"embeddable":true,"href":"https:\/\/alassilparfum.com\/ar\/wp-json\/wp\/v2\/media\/2105"}],"wp:attachment":[{"href":"https:\/\/alassilparfum.com\/ar\/wp-json\/wp\/v2\/media?parent=1644"}],"wp:term":[{"taxonomy":"product_cat","embeddable":true,"href":"https:\/\/alassilparfum.com\/ar\/wp-json\/wp\/v2\/product_cat?post=1644"},{"taxonomy":"product_tag","embeddable":true,"href":"https:\/\/alassilparfum.com\/ar\/wp-json\/wp\/v2\/product_tag?post=1644"},{"taxonomy":"brand","embeddable":true,"href":"https:\/\/alassilparfum.com\/ar\/wp-json\/wp\/v2\/brand?post=1644"},{"taxonomy":"note","embeddable":true,"href":"https:\/\/alassilparfum.com\/ar\/wp-json\/wp\/v2\/note?post=1644"},{"taxonomy":"usage","embeddable":true,"href":"https:\/\/alassilparfum.com\/ar\/wp-json\/wp\/v2\/usage?post=1644"},{"taxonomy":"season","embeddable":true,"href":"https:\/\/alassilparfum.com\/ar\/wp-json\/wp\/v2\/season?post=1644"}],"curies":[{"name":"wp","href":"https:\/\/api.w.org\/{rel}","templated":true}]}}