{"id":1645,"date":"2025-05-18T07:26:25","date_gmt":"2025-05-18T07:26:25","guid":{"rendered":"https:\/\/alassilparfum.com\/product\/alassil-187\/"},"modified":"2026-02-17T14:51:23","modified_gmt":"2026-02-17T14:51:23","slug":"alassil-187","status":"publish","type":"product","link":"https:\/\/alassilparfum.com\/ar\/product\/alassil-187\/","title":{"rendered":"<span class='brand-text'>Evoque  Scandal Homme  de  Jean Paul Gaultier<\/span> - ALASSIL-187"},"content":{"rendered":"<h2>Une Alternative de Luxe et Accessible<\/h2>\n<p>D\u00e9couvrez ALASSIL-187, un parfum qui red\u00e9finit le luxe \u00e0 votre port\u00e9e. Inspir\u00e9 par le l\u00e9gendaire Scandal Homme de Jean Paul Gaultier, ce bijou olfactif vous offre une exp\u00e9rience sophistiqu\u00e9e sans compromis. Avec son \u00e9l\u00e9gance intemporelle et sa remarquable qualit\u00e9, ALASSIL-187 est con\u00e7u pour ceux qui aspirent \u00e0 l\u2019excellence \u00e0 un prix accessible.<\/p>\n<h2>Un Sillage Raffin\u00e9 et Puissant<\/h2>\n<p>Plongez dans le caract\u00e8re audacieux et captivant de ce parfum. ALASSIL-187 r\u00e9v\u00e8le ses notes olfactives en un d\u00e9licat ballet de senteurs. En t\u00eate, ressentez une fra\u00eecheur \u00e9clatante magnifi\u00e9e par des agrumes p\u00e9tillants. Le c\u0153ur est impr\u00e9gn\u00e9 d\u2019une sensualit\u00e9 \u00e9pic\u00e9e gr\u00e2ce \u00e0 des accords bois\u00e9s et aromatiques, tandis que le fond repose sur des nuances chaleureuses de f\u00e8ve tonka et de v\u00e9tiver. Ce m\u00e9lange harmonieux refl\u00e8te fid\u00e8lement l\u2019esprit de Scandal Homme tout en incarnant une identit\u00e9 propre et unique.<\/p>\n<h2>Un Parfum \u00e0 la Long\u00e9vit\u00e9 Exceptionnelle<\/h2>\n<p>ALASSIL-187 est bien plus qu&rsquo;un simple parfum \u2013 c&rsquo;est une signature olfactive qui vous accompagne au fil des heures. Sa longue tenue sur la peau t\u00e9moigne de la qualit\u00e9 sup\u00e9rieure des ingr\u00e9dients utilis\u00e9s, garantissant que votre pr\u00e9sence reste remarqu\u00e9e en toute occasion. Adoptez une fragrance qui se distingue par sa r\u00e9sistance tout en vous enveloppant d\u2019une sensation de confort et de raffinement.<\/p>","protected":false},"excerpt":{"rendered":"<p>Une Alternative de Luxe et Accessible D\u00e9couvrez ALASSIL-187, un parfum qui red\u00e9finit le luxe \u00e0 votre port\u00e9e. Inspir\u00e9 par le l\u00e9gendaire Scandal Homme de Jean Paul Gaultier, ce bijou olfactif vous offre une exp\u00e9rience sophistiqu\u00e9e sans compromis. Avec son \u00e9l\u00e9gance intemporelle et sa remarquable qualit\u00e9, ALASSIL-187 est con\u00e7u pour ceux qui aspirent \u00e0 l\u2019excellence \u00e0&hellip;<\/p>","protected":false},"featured_media":2105,"comment_status":"open","ping_status":"closed","template":"","meta":[],"product_cat":[17],"product_tag":[],"brand":[630,643],"note":[],"usage":[],"season":[],"class_list":{"0":"post-1645","1":"product","2":"type-product","3":"status-publish","4":"has-post-thumbnail","6":"product_cat-homme","7":"brand-jean-paul-gaultier","8":"brand-scandal-homme","10":"first","11":"instock","12":"taxable","13":"shipping-taxable","14":"purchasable","15":"product-type-variable"},"_links":{"self":[{"href":"https:\/\/alassilparfum.com\/ar\/wp-json\/wp\/v2\/product\/1645","targetHints":{"allow":["GET"]}}],"collection":[{"href":"https:\/\/alassilparfum.com\/ar\/wp-json\/wp\/v2\/product"}],"about":[{"href":"https:\/\/alassilparfum.com\/ar\/wp-json\/wp\/v2\/types\/product"}],"replies":[{"embeddable":true,"href":"https:\/\/alassilparfum.com\/ar\/wp-json\/wp\/v2\/comments?post=1645"}],"wp:featuredmedia":[{"embeddable":true,"href":"https:\/\/alassilparfum.com\/ar\/wp-json\/wp\/v2\/media\/2105"}],"wp:attachment":[{"href":"https:\/\/alassilparfum.com\/ar\/wp-json\/wp\/v2\/media?parent=1645"}],"wp:term":[{"taxonomy":"product_cat","embeddable":true,"href":"https:\/\/alassilparfum.com\/ar\/wp-json\/wp\/v2\/product_cat?post=1645"},{"taxonomy":"product_tag","embeddable":true,"href":"https:\/\/alassilparfum.com\/ar\/wp-json\/wp\/v2\/product_tag?post=1645"},{"taxonomy":"brand","embeddable":true,"href":"https:\/\/alassilparfum.com\/ar\/wp-json\/wp\/v2\/brand?post=1645"},{"taxonomy":"note","embeddable":true,"href":"https:\/\/alassilparfum.com\/ar\/wp-json\/wp\/v2\/note?post=1645"},{"taxonomy":"usage","embeddable":true,"href":"https:\/\/alassilparfum.com\/ar\/wp-json\/wp\/v2\/usage?post=1645"},{"taxonomy":"season","embeddable":true,"href":"https:\/\/alassilparfum.com\/ar\/wp-json\/wp\/v2\/season?post=1645"}],"curies":[{"name":"wp","href":"https:\/\/api.w.org\/{rel}","templated":true}]}}