{"id":1646,"date":"2025-05-18T07:26:25","date_gmt":"2025-05-18T07:26:25","guid":{"rendered":"https:\/\/alassilparfum.com\/product\/alassil-188\/"},"modified":"2026-02-17T15:05:04","modified_gmt":"2026-02-17T15:05:04","slug":"alassil-188","status":"publish","type":"product","link":"https:\/\/alassilparfum.com\/ar\/product\/alassil-188\/","title":{"rendered":"<span class='brand-text'>Evoque  Scandal Femme  de  Jean Paul Gaultier<\/span> - ALASSIL-188"},"content":{"rendered":"<h2>Une alternative \u00e9l\u00e9gante et accessible<\/h2>\n<p>D\u00e9couvrez ALASSIL-188, un parfum soigneusement con\u00e7u pour vous offrir une exp\u00e9rience olfactive unique, inspir\u00e9e de l&rsquo;iconique Scandal Femme de Jean Paul Gaultier. Ce parfum est la promesse d&rsquo;un luxe accessible, sans compromis sur la qualit\u00e9 et l&rsquo;\u00e9l\u00e9gance. Id\u00e9al pour toutes les occasions sp\u00e9ciales comme pour le quotidien, ALASSIL-188 allie une sophistication intemporelle \u00e0 un prix \u00e9tudi\u00e9 pour r\u00e9pondre aux attentes de chacun.<\/p>\n<h2>Un sillage captivant et envo\u00fbtant<\/h2>\n<p>ALASSIL-188 r\u00e9v\u00e8le un m\u00e9lange harmonieux de notes gourmandes et sensuelles. Ce parfum d\u00e9bute avec des touches de miel sucr\u00e9 et \u00e9clatant, imm\u00e9diatement captivant. Il \u00e9volue en une intensit\u00e9 florale port\u00e9e par la richesse du jasmin et des fleurs blanches. En fond, un accord chaud et r\u00e9confortant de patchouli et d&rsquo;ambre enveloppe la peau, laissant une empreinte profonde et m\u00e9morable. Fid\u00e8le \u00e0 son inspiration, il promet un \u00e9quilibre parfait entre douceur et puissance.<\/p>\n<h2>Une persistance remarquable<\/h2>\n<p>Ce qui distingue ALASSIL-188, c&rsquo;est sa tenue longue dur\u00e9e. Con\u00e7u pour rester intact du matin jusqu&rsquo;au soir, ce parfum vous accompagne \u00e0 chaque \u00e9tape de votre journ\u00e9e. Sa formule riche en essences naturelles offre une exp\u00e9rience olfactive continue, sans s&rsquo;affaiblir. Profitez d\u2019un produit qui combine haute qualit\u00e9 et efficacit\u00e9, tout en restant fid\u00e8le \u00e0 son inspiration luxueuse.<\/p>","protected":false},"excerpt":{"rendered":"<p>Une alternative \u00e9l\u00e9gante et accessible D\u00e9couvrez ALASSIL-188, un parfum soigneusement con\u00e7u pour vous offrir une exp\u00e9rience olfactive unique, inspir\u00e9e de l&rsquo;iconique Scandal Femme de Jean Paul Gaultier. Ce parfum est la promesse d&rsquo;un luxe accessible, sans compromis sur la qualit\u00e9 et l&rsquo;\u00e9l\u00e9gance. Id\u00e9al pour toutes les occasions sp\u00e9ciales comme pour le quotidien, ALASSIL-188 allie une&hellip;<\/p>","protected":false},"featured_media":2074,"comment_status":"open","ping_status":"closed","template":"","meta":[],"product_cat":[16],"product_tag":[],"brand":[630,644],"note":[],"usage":[],"season":[],"class_list":{"0":"post-1646","1":"product","2":"type-product","3":"status-publish","4":"has-post-thumbnail","6":"product_cat-femme","7":"brand-jean-paul-gaultier","8":"brand-scandal-femme","10":"first","11":"instock","12":"taxable","13":"shipping-taxable","14":"purchasable","15":"product-type-variable"},"_links":{"self":[{"href":"https:\/\/alassilparfum.com\/ar\/wp-json\/wp\/v2\/product\/1646","targetHints":{"allow":["GET"]}}],"collection":[{"href":"https:\/\/alassilparfum.com\/ar\/wp-json\/wp\/v2\/product"}],"about":[{"href":"https:\/\/alassilparfum.com\/ar\/wp-json\/wp\/v2\/types\/product"}],"replies":[{"embeddable":true,"href":"https:\/\/alassilparfum.com\/ar\/wp-json\/wp\/v2\/comments?post=1646"}],"wp:featuredmedia":[{"embeddable":true,"href":"https:\/\/alassilparfum.com\/ar\/wp-json\/wp\/v2\/media\/2074"}],"wp:attachment":[{"href":"https:\/\/alassilparfum.com\/ar\/wp-json\/wp\/v2\/media?parent=1646"}],"wp:term":[{"taxonomy":"product_cat","embeddable":true,"href":"https:\/\/alassilparfum.com\/ar\/wp-json\/wp\/v2\/product_cat?post=1646"},{"taxonomy":"product_tag","embeddable":true,"href":"https:\/\/alassilparfum.com\/ar\/wp-json\/wp\/v2\/product_tag?post=1646"},{"taxonomy":"brand","embeddable":true,"href":"https:\/\/alassilparfum.com\/ar\/wp-json\/wp\/v2\/brand?post=1646"},{"taxonomy":"note","embeddable":true,"href":"https:\/\/alassilparfum.com\/ar\/wp-json\/wp\/v2\/note?post=1646"},{"taxonomy":"usage","embeddable":true,"href":"https:\/\/alassilparfum.com\/ar\/wp-json\/wp\/v2\/usage?post=1646"},{"taxonomy":"season","embeddable":true,"href":"https:\/\/alassilparfum.com\/ar\/wp-json\/wp\/v2\/season?post=1646"}],"curies":[{"name":"wp","href":"https:\/\/api.w.org\/{rel}","templated":true}]}}