{"id":1666,"date":"2025-05-18T07:26:31","date_gmt":"2025-05-18T07:26:31","guid":{"rendered":"https:\/\/alassilparfum.com\/product\/alassil-208\/"},"modified":"2026-02-13T16:36:19","modified_gmt":"2026-02-13T16:36:19","slug":"alassil-208","status":"publish","type":"product","link":"https:\/\/alassilparfum.com\/ar\/product\/alassil-208\/","title":{"rendered":"<span class='brand-text'>Evoque  La Vie Est Belle  de  Lanc\u00f4me<\/span> - ALASSIL-208"},"content":{"rendered":"<h2>Introduction : Un parfum de luxe \u00e0 votre port\u00e9e<\/h2>\n<p>D\u00e9couvrez ALASSIL-208, une cr\u00e9ation olfactive qui marie \u00e9l\u00e9gance et accessibilit\u00e9. Inspir\u00e9e par le charme intemporel de <i>La Vie Est Belle<\/i> de Lanc\u00f4me, cette fragrance r\u00e9interpr\u00e8te l&rsquo;esprit du luxe en vous offrant une exp\u00e9rience sensorielle raffin\u00e9e et m\u00e9morable, tout en restant accessible \u00e0 tous. Id\u00e9al pour ceux en qu\u00eate d&rsquo;une touche de sophistication sans compromis.<\/p>\n<h2>Le Sillage : Une symphonie d&rsquo;odeurs envo\u00fbtantes<\/h2>\n<p>ALASSIL-208 propose une composition olfactive fid\u00e8le \u00e0 l&rsquo;inspiration originale, tout en affirmant sa propre identit\u00e9. Ce parfum s&rsquo;ouvre sur des notes lumineuses de poire et de cassis, combin\u00e9es \u00e0 la douceur florale des fleurs d&rsquo;oranger et du jasmin. Son c\u0153ur r\u00e9v\u00e8le la richesse du patchouli, envelopp\u00e9e par une base gourmande de praline et de vanille. R\u00e9sultat ? Une fragrance g\u00e9n\u00e9reuse, envo\u00fbtante et d\u00e9licieusement addictive qui laisse un sillage intemporel.<\/p>\n<h2>L&rsquo;Argument : Une tenue longue dur\u00e9e pour un plaisir prolong\u00e9<\/h2>\n<p>L&rsquo;intensit\u00e9 et la durabilit\u00e9 d&rsquo;ALASSIL-208 en font l&rsquo;un de ses arguments majeurs. Ce parfum est con\u00e7u pour accompagner vos journ\u00e9es avec \u00e9l\u00e9gance et vos soir\u00e9es avec gr\u00e2ce, tout en offrant une tenue longue dur\u00e9e sur la peau. Choisissez ALASSIL-208 pour vivre une exp\u00e9rience olfactive unique, alliant qualit\u00e9, sophistication, et un prix qui respecte votre \u00e9quilibre.<\/p>","protected":false},"excerpt":{"rendered":"<p>Introduction : Un parfum de luxe \u00e0 votre port\u00e9e D\u00e9couvrez ALASSIL-208, une cr\u00e9ation olfactive qui marie \u00e9l\u00e9gance et accessibilit\u00e9. Inspir\u00e9e par le charme intemporel de La Vie Est Belle de Lanc\u00f4me, cette fragrance r\u00e9interpr\u00e8te l&rsquo;esprit du luxe en vous offrant une exp\u00e9rience sensorielle raffin\u00e9e et m\u00e9morable, tout en restant accessible \u00e0 tous. Id\u00e9al pour ceux&hellip;<\/p>","protected":false},"featured_media":2084,"comment_status":"open","ping_status":"closed","template":"","meta":[],"product_cat":[16],"product_tag":[],"brand":[636,635],"note":[],"usage":[],"season":[],"class_list":{"0":"post-1666","1":"product","2":"type-product","3":"status-publish","4":"has-post-thumbnail","6":"product_cat-femme","7":"brand-la-vie-est-belle","8":"brand-lancome","10":"first","11":"instock","12":"taxable","13":"shipping-taxable","14":"purchasable","15":"product-type-variable"},"_links":{"self":[{"href":"https:\/\/alassilparfum.com\/ar\/wp-json\/wp\/v2\/product\/1666","targetHints":{"allow":["GET"]}}],"collection":[{"href":"https:\/\/alassilparfum.com\/ar\/wp-json\/wp\/v2\/product"}],"about":[{"href":"https:\/\/alassilparfum.com\/ar\/wp-json\/wp\/v2\/types\/product"}],"replies":[{"embeddable":true,"href":"https:\/\/alassilparfum.com\/ar\/wp-json\/wp\/v2\/comments?post=1666"}],"wp:featuredmedia":[{"embeddable":true,"href":"https:\/\/alassilparfum.com\/ar\/wp-json\/wp\/v2\/media\/2084"}],"wp:attachment":[{"href":"https:\/\/alassilparfum.com\/ar\/wp-json\/wp\/v2\/media?parent=1666"}],"wp:term":[{"taxonomy":"product_cat","embeddable":true,"href":"https:\/\/alassilparfum.com\/ar\/wp-json\/wp\/v2\/product_cat?post=1666"},{"taxonomy":"product_tag","embeddable":true,"href":"https:\/\/alassilparfum.com\/ar\/wp-json\/wp\/v2\/product_tag?post=1666"},{"taxonomy":"brand","embeddable":true,"href":"https:\/\/alassilparfum.com\/ar\/wp-json\/wp\/v2\/brand?post=1666"},{"taxonomy":"note","embeddable":true,"href":"https:\/\/alassilparfum.com\/ar\/wp-json\/wp\/v2\/note?post=1666"},{"taxonomy":"usage","embeddable":true,"href":"https:\/\/alassilparfum.com\/ar\/wp-json\/wp\/v2\/usage?post=1666"},{"taxonomy":"season","embeddable":true,"href":"https:\/\/alassilparfum.com\/ar\/wp-json\/wp\/v2\/season?post=1666"}],"curies":[{"name":"wp","href":"https:\/\/api.w.org\/{rel}","templated":true}]}}