{"id":1698,"date":"2025-05-18T07:26:39","date_gmt":"2025-05-18T07:26:39","guid":{"rendered":"https:\/\/alassilparfum.com\/product\/alassil-240\/"},"modified":"2026-02-17T15:17:56","modified_gmt":"2026-02-17T15:17:56","slug":"alassil-240","status":"publish","type":"product","link":"https:\/\/alassilparfum.com\/ar\/product\/alassil-240\/","title":{"rendered":"<span class='brand-text'>Evoque  One Million  de  PACO RABANNE<\/span> - ALASSIL-240"},"content":{"rendered":"<h2>Introduction : Une alternative de luxe et accessible<\/h2>\n<p>D\u00e9couvrez ALASSIL-240, le parfum qui red\u00e9finit le luxe \u00e0 un prix accessible. Inspir\u00e9 par le c\u00e9l\u00e8bre One Million de Paco Rabanne, ce parfum est la parfaite combinaison de sophistication, d&rsquo;\u00e9l\u00e9gance et de caract\u00e8re, tout en restant abordable pour les amateurs de fragrances haut de gamme. ALASSIL-240 incarne l&rsquo;essence du prestige, id\u00e9al pour ceux qui recherchent une touche de noblesse dans leur quotidien.<\/p>\n<h2>Le Sillage : Une composition olfactive captivante<\/h2>\n<p>ALASSIL-240 offre une exp\u00e9rience sensorielle inoubliable gr\u00e2ce \u00e0 ses notes olfactives inspir\u00e9es par One Million. Imaginez des effluves harmonieusement \u00e9quilibr\u00e9s : en t\u00eate, des accords frais et \u00e9pic\u00e9s comme la mandarine et la menthe poivr\u00e9e. Au c\u0153ur, une richesse florale et une chaleur d\u00e9finie par des touches de cannelle et de rose. Enfin, le fond laisse un sillage profond et enveloppant avec des notes de cuir, de bois blanc et d&rsquo;ambre. Une signature audacieuse et irr\u00e9sistible qui fait de ce parfum un choix distinctif et s\u00e9duisant.<\/p>\n<h2>L&rsquo;Argument : Une tenue longue dur\u00e9e et un charme in\u00e9gal\u00e9<\/h2>\n<p>ALASSIL-240 ne se contente pas seulement de vous offrir une fragrance exquise, mais garantit \u00e9galement une longue tenue pour vous accompagner tout au long de vos journ\u00e9es ou soir\u00e9es. Ce parfum refl\u00e8te un savoir-faire exceptionnel et est con\u00e7u pour enthousiasmer ceux qui appr\u00e9cient les d\u00e9tails raffin\u00e9s. Avec ALASSIL-240, exprimez votre style unique et votre confiance avec une allure qui dure. Choisissez un parfum qui combine la qualit\u00e9 inspir\u00e9e du luxe et une excellente valeur, sans compromis.<\/p>","protected":false},"excerpt":{"rendered":"<p>Introduction : Une alternative de luxe et accessible D\u00e9couvrez ALASSIL-240, le parfum qui red\u00e9finit le luxe \u00e0 un prix accessible. Inspir\u00e9 par le c\u00e9l\u00e8bre One Million de Paco Rabanne, ce parfum est la parfaite combinaison de sophistication, d&rsquo;\u00e9l\u00e9gance et de caract\u00e8re, tout en restant abordable pour les amateurs de fragrances haut de gamme. ALASSIL-240 incarne&hellip;<\/p>","protected":false},"featured_media":2077,"comment_status":"open","ping_status":"closed","template":"","meta":[],"product_cat":[17],"product_tag":[],"brand":[647,646],"note":[],"usage":[],"season":[],"class_list":{"0":"post-1698","1":"product","2":"type-product","3":"status-publish","4":"has-post-thumbnail","6":"product_cat-homme","7":"brand-one-million","8":"brand-paco-rabanne","10":"first","11":"instock","12":"taxable","13":"shipping-taxable","14":"purchasable","15":"product-type-variable"},"_links":{"self":[{"href":"https:\/\/alassilparfum.com\/ar\/wp-json\/wp\/v2\/product\/1698","targetHints":{"allow":["GET"]}}],"collection":[{"href":"https:\/\/alassilparfum.com\/ar\/wp-json\/wp\/v2\/product"}],"about":[{"href":"https:\/\/alassilparfum.com\/ar\/wp-json\/wp\/v2\/types\/product"}],"replies":[{"embeddable":true,"href":"https:\/\/alassilparfum.com\/ar\/wp-json\/wp\/v2\/comments?post=1698"}],"wp:featuredmedia":[{"embeddable":true,"href":"https:\/\/alassilparfum.com\/ar\/wp-json\/wp\/v2\/media\/2077"}],"wp:attachment":[{"href":"https:\/\/alassilparfum.com\/ar\/wp-json\/wp\/v2\/media?parent=1698"}],"wp:term":[{"taxonomy":"product_cat","embeddable":true,"href":"https:\/\/alassilparfum.com\/ar\/wp-json\/wp\/v2\/product_cat?post=1698"},{"taxonomy":"product_tag","embeddable":true,"href":"https:\/\/alassilparfum.com\/ar\/wp-json\/wp\/v2\/product_tag?post=1698"},{"taxonomy":"brand","embeddable":true,"href":"https:\/\/alassilparfum.com\/ar\/wp-json\/wp\/v2\/brand?post=1698"},{"taxonomy":"note","embeddable":true,"href":"https:\/\/alassilparfum.com\/ar\/wp-json\/wp\/v2\/note?post=1698"},{"taxonomy":"usage","embeddable":true,"href":"https:\/\/alassilparfum.com\/ar\/wp-json\/wp\/v2\/usage?post=1698"},{"taxonomy":"season","embeddable":true,"href":"https:\/\/alassilparfum.com\/ar\/wp-json\/wp\/v2\/season?post=1698"}],"curies":[{"name":"wp","href":"https:\/\/api.w.org\/{rel}","templated":true}]}}