{"id":1702,"date":"2025-05-18T07:26:40","date_gmt":"2025-05-18T07:26:40","guid":{"rendered":"https:\/\/alassilparfum.com\/product\/alassil-244\/"},"modified":"2026-02-17T15:28:58","modified_gmt":"2026-02-17T15:28:58","slug":"alassil-244","status":"publish","type":"product","link":"https:\/\/alassilparfum.com\/ar\/product\/alassil-244\/","title":{"rendered":"<span class='brand-text'>Evoque  One Million Lucky  de  PACO RABANNE<\/span> - ALASSIL-244"},"content":{"rendered":"<h2>Introduction : Une alternative de luxe, \u00e9l\u00e9gante et accessible<\/h2>\n<p>D\u00e9couvrez ALASSIL-244, le parfum qui allie raffinement et sophistication \u00e0 un prix accessible. Inspir\u00e9 par le c\u00e9l\u00e8bre One Million Lucky, ce bijou olfactif offre une exp\u00e9rience in\u00e9dite pour ceux qui souhaitent se d\u00e9marquer avec \u00e9l\u00e9gance. Parfait pour toutes les occasions, ALASSIL-244 incarne une expression unique de style et de personnalit\u00e9, tout en restant fid\u00e8le aux standards de luxe.<\/p>\n<h2>Le Sillage : Un m\u00e9lange enivrant et fid\u00e8le \u00e0 l&rsquo;inspiration<\/h2>\n<p>ALASSIL-244 s&rsquo;ouvre sur des notes lumineuses et gourmandes qui \u00e9voquent une premi\u00e8re impression p\u00e9tillante. Les nuances addictives de la noisette, associ\u00e9es \u00e0 des touches bois\u00e9es et florales, cr\u00e9ent une composition parfaitement \u00e9quilibr\u00e9e. Sa profondeur est enrichie par la douceur du miel et la sensualit\u00e9 de la praline, ouvrant la voie \u00e0 une base chaleureuse et enveloppante de c\u00e8dre et de patchouli. Chaque effluve rappelle l&rsquo;\u00e9l\u00e9gance et la modernit\u00e9 qui ont fait la r\u00e9putation de One Million Lucky, tout en ajoutant une touche personnelle.<\/p>\n<h2>L&rsquo;Argument : Une tenue longue dur\u00e9e pour captiver<\/h2>\n<p>ALASSIL-244 ne se contente pas d&rsquo;\u00eatre agr\u00e9able ; il est con\u00e7u pour durer toute la journ\u00e9e. Sa concentration et ses ingr\u00e9dients de haute qualit\u00e9 garantissent une tenue exceptionnelle, vous accompagnant avec charme d\u00e8s le matin jusqu&rsquo;au soir. Ce parfum se distingue par son caract\u00e8re intemporel et sa capacit\u00e9 \u00e0 laisser une impression durable, parfaite pour ceux qui recherchent un \u00e9quilibre entre sophistication et performance. Offrez-vous une touche de luxe avec ALASSIL-244, et faites de chaque instant un moment m\u00e9morable.<\/p>","protected":false},"excerpt":{"rendered":"<p>Introduction : Une alternative de luxe, \u00e9l\u00e9gante et accessible D\u00e9couvrez ALASSIL-244, le parfum qui allie raffinement et sophistication \u00e0 un prix accessible. Inspir\u00e9 par le c\u00e9l\u00e8bre One Million Lucky, ce bijou olfactif offre une exp\u00e9rience in\u00e9dite pour ceux qui souhaitent se d\u00e9marquer avec \u00e9l\u00e9gance. Parfait pour toutes les occasions, ALASSIL-244 incarne une expression unique de&hellip;<\/p>","protected":false},"featured_media":2079,"comment_status":"open","ping_status":"closed","template":"","meta":[],"product_cat":[17],"product_tag":[],"brand":[649,646],"note":[],"usage":[],"season":[],"class_list":{"0":"post-1702","1":"product","2":"type-product","3":"status-publish","4":"has-post-thumbnail","6":"product_cat-homme","7":"brand-one-million-lucky","8":"brand-paco-rabanne","10":"first","11":"instock","12":"taxable","13":"shipping-taxable","14":"purchasable","15":"product-type-variable"},"_links":{"self":[{"href":"https:\/\/alassilparfum.com\/ar\/wp-json\/wp\/v2\/product\/1702","targetHints":{"allow":["GET"]}}],"collection":[{"href":"https:\/\/alassilparfum.com\/ar\/wp-json\/wp\/v2\/product"}],"about":[{"href":"https:\/\/alassilparfum.com\/ar\/wp-json\/wp\/v2\/types\/product"}],"replies":[{"embeddable":true,"href":"https:\/\/alassilparfum.com\/ar\/wp-json\/wp\/v2\/comments?post=1702"}],"wp:featuredmedia":[{"embeddable":true,"href":"https:\/\/alassilparfum.com\/ar\/wp-json\/wp\/v2\/media\/2079"}],"wp:attachment":[{"href":"https:\/\/alassilparfum.com\/ar\/wp-json\/wp\/v2\/media?parent=1702"}],"wp:term":[{"taxonomy":"product_cat","embeddable":true,"href":"https:\/\/alassilparfum.com\/ar\/wp-json\/wp\/v2\/product_cat?post=1702"},{"taxonomy":"product_tag","embeddable":true,"href":"https:\/\/alassilparfum.com\/ar\/wp-json\/wp\/v2\/product_tag?post=1702"},{"taxonomy":"brand","embeddable":true,"href":"https:\/\/alassilparfum.com\/ar\/wp-json\/wp\/v2\/brand?post=1702"},{"taxonomy":"note","embeddable":true,"href":"https:\/\/alassilparfum.com\/ar\/wp-json\/wp\/v2\/note?post=1702"},{"taxonomy":"usage","embeddable":true,"href":"https:\/\/alassilparfum.com\/ar\/wp-json\/wp\/v2\/usage?post=1702"},{"taxonomy":"season","embeddable":true,"href":"https:\/\/alassilparfum.com\/ar\/wp-json\/wp\/v2\/season?post=1702"}],"curies":[{"name":"wp","href":"https:\/\/api.w.org\/{rel}","templated":true}]}}