{"id":1938,"date":"2025-11-03T14:27:21","date_gmt":"2025-11-03T14:27:21","guid":{"rendered":"https:\/\/alassilparfum.com\/?post_type=product&#038;p=1938"},"modified":"2025-11-03T14:27:22","modified_gmt":"2025-11-03T14:27:22","slug":"al-assil-275","status":"publish","type":"product","link":"https:\/\/alassilparfum.com\/ar\/product\/al-assil-275\/","title":{"rendered":"<span class='brand-text'>Evoque    de  VALENTINO<\/span> - AL-ASSIL 275"},"content":{"rendered":"<h2>D\u00e9couvrez l&rsquo;Essence du Raffinement<\/h2>\n<p>Plongez dans l&rsquo;univers sublime du dupe de parfum Valentino Donna Born in Roma Fantasy, une fragrance qui \u00e9voque l&rsquo;\u00e9l\u00e9gance intemporelle et le charme contemporain. Inspir\u00e9 par le populaire parfum Valentino Donna Born in Roma, ce dupe est soigneusement con\u00e7u pour capturer son essence distinctive \u00e0 un prix plus accessible. Id\u00e9al pour les amateurs de parfums sophistiqu\u00e9s qui souhaitent profiter de notes complexes et harmonieuses sans compromettre leur budget.<\/p>\n<h2>Un Parfum Pour Toutes les Saisons<\/h2>\n<p>Que ce soit au c\u0153ur des journ\u00e9es estivales ou sous le charme romantique des soir\u00e9es hivernales, ce dupe est la quintessence de la polyvalence. Ses notes d\u00e9licates de vanille, jasmin, et bois ambr\u00e9 font de ce parfum un choix parfait pour toutes les saisons. Resplendissez avec \u00e9l\u00e9gance lors d\u2019un \u00e9v\u00e9nement sp\u00e9cial ou ajoutez une touche luxueuse \u00e0 votre routine quotidienne; ce parfum r\u00e9pondra \u00e0 tous vos besoins.<\/p>\n<h2>L&rsquo;Usage Parfait du Parfum<\/h2>\n<p>Con\u00e7u pour un usage quotidien ou des occasions sp\u00e9ciales, le dupe Valentino Donna Born in Roma Fantasy peut \u00eatre appliqu\u00e9 directement sur les points de pulsation comme le cou, les poignets, et derri\u00e8re les oreilles pour une intensit\u00e9 durable. Pr\u00e9parez-vous \u00e0 recevoir compliments et admiration gr\u00e2ce \u00e0 sa fragrance envo\u00fbtante qui reste douce et subtile tout en \u00e9tant distincte. Sa tenue longue dur\u00e9e et sa texture l\u00e9g\u00e8re le rendent agr\u00e9able \u00e0 porter, m\u00eame pendant les journ\u00e9es les plus charg\u00e9es.<\/p>\n<p>Ce dupe de parfum est la solution id\u00e9ale pour ceux qui recherchent une exp\u00e9rience olfactive raffin\u00e9e et exclusive, sans le prix \u00e9lev\u00e9. Donnez \u00e0 votre collection de parfums une touche de luxe et transformez chaque jour en une occasion sp\u00e9ciale avec cette fragrance exceptionnelle.<\/p>","protected":false},"excerpt":{"rendered":"<p>D\u00e9couvrez l&rsquo;Essence du Raffinement Plongez dans l&rsquo;univers sublime du dupe de parfum Valentino Donna Born in Roma Fantasy, une fragrance qui \u00e9voque l&rsquo;\u00e9l\u00e9gance intemporelle et le charme contemporain. Inspir\u00e9 par le populaire parfum Valentino Donna Born in Roma, ce dupe est soigneusement con\u00e7u pour capturer son essence distinctive \u00e0 un prix plus accessible. Id\u00e9al pour&hellip;<\/p>","protected":false},"featured_media":1939,"comment_status":"open","ping_status":"closed","template":"","meta":[],"product_cat":[16],"product_tag":[],"brand":[617],"note":[147,203,146,233,232,178,201,265,424,177,145],"usage":[619,394,498,620],"season":[222,221],"class_list":{"0":"post-1938","1":"product","2":"type-product","3":"status-publish","4":"has-post-thumbnail","6":"product_cat-femme","7":"brand-valentino","8":"note-base","9":"note-cedre","10":"note-coeur","11":"note-floral","12":"note-fruitee","13":"note-jasmin","14":"note-musc","15":"note-orange","16":"note-orange-tete","17":"note-rose","18":"note-tete","19":"usage-a-la-fac","20":"usage-au-travail","21":"usage-occasions-decontractees","22":"usage-shopping","23":"season-lete","24":"season-printemps","26":"first","27":"instock","28":"taxable","29":"shipping-taxable","30":"purchasable","31":"product-type-variable"},"_links":{"self":[{"href":"https:\/\/alassilparfum.com\/ar\/wp-json\/wp\/v2\/product\/1938","targetHints":{"allow":["GET"]}}],"collection":[{"href":"https:\/\/alassilparfum.com\/ar\/wp-json\/wp\/v2\/product"}],"about":[{"href":"https:\/\/alassilparfum.com\/ar\/wp-json\/wp\/v2\/types\/product"}],"replies":[{"embeddable":true,"href":"https:\/\/alassilparfum.com\/ar\/wp-json\/wp\/v2\/comments?post=1938"}],"wp:featuredmedia":[{"embeddable":true,"href":"https:\/\/alassilparfum.com\/ar\/wp-json\/wp\/v2\/media\/1939"}],"wp:attachment":[{"href":"https:\/\/alassilparfum.com\/ar\/wp-json\/wp\/v2\/media?parent=1938"}],"wp:term":[{"taxonomy":"product_cat","embeddable":true,"href":"https:\/\/alassilparfum.com\/ar\/wp-json\/wp\/v2\/product_cat?post=1938"},{"taxonomy":"product_tag","embeddable":true,"href":"https:\/\/alassilparfum.com\/ar\/wp-json\/wp\/v2\/product_tag?post=1938"},{"taxonomy":"brand","embeddable":true,"href":"https:\/\/alassilparfum.com\/ar\/wp-json\/wp\/v2\/brand?post=1938"},{"taxonomy":"note","embeddable":true,"href":"https:\/\/alassilparfum.com\/ar\/wp-json\/wp\/v2\/note?post=1938"},{"taxonomy":"usage","embeddable":true,"href":"https:\/\/alassilparfum.com\/ar\/wp-json\/wp\/v2\/usage?post=1938"},{"taxonomy":"season","embeddable":true,"href":"https:\/\/alassilparfum.com\/ar\/wp-json\/wp\/v2\/season?post=1938"}],"curies":[{"name":"wp","href":"https:\/\/api.w.org\/{rel}","templated":true}]}}