{"id":913,"date":"2024-11-09T09:02:59","date_gmt":"2024-11-09T09:02:59","guid":{"rendered":"https:\/\/alassilparfum.com\/?post_type=product&#038;p=913"},"modified":"2025-10-17T16:04:17","modified_gmt":"2025-10-17T16:04:17","slug":"alassil-011","status":"publish","type":"product","link":"https:\/\/alassilparfum.com\/ar\/product\/alassil-011\/","title":{"rendered":"<span class='brand-text'>Evoque  JASMIN NOIR  de  BVLGARI<\/span> - ALASSIL-011"},"content":{"rendered":"<h2>Introduction \u00e0 Evoque Jasmin Noir<\/h2>\n<p>Pr\u00e9sentant une v\u00e9ritable ode \u00e0 la sensualit\u00e9, l&rsquo;Evoque Jasmin Noir de Bvlgari incarne l&rsquo;\u00e9l\u00e9gance et la sophistication. Ce parfum envo\u00fbtant m\u00eale des notes florales riches \u00e0 un fond chaud et myst\u00e9rieux, cr\u00e9ant une exp\u00e9rience olfactive captivante.<\/p>\n<h2>Une composition parfum\u00e9e unique<\/h2>\n<p>La fragrance s&rsquo;ouvre sur des notes de jasmin d\u00e9licat, r\u00e9v\u00e9lant ensuite des accents de mandarine et de poire. Le c\u0153ur se d\u00e9veloppe avec des nuances de bois pr\u00e9cieux qui ajoutent une profondeur s\u00e9duisante. Cet \u00e9quilibre parfait fait de l&rsquo;Evoque Jasmin Noir un choix id\u00e9al pour les soir\u00e9es \u00e9l\u00e9gantes.<\/p>\n<h2>Conclusion<\/h2>\n<p>En somme, Evoque Jasmin Noir de Bvlgari est bien plus qu&rsquo;un simple parfum, c&rsquo;est une invitation \u00e0 la d\u00e9couverte de soi et \u00e0 la c\u00e9l\u00e9bration de la f\u00e9minit\u00e9. Laissez-vous s\u00e9duire par son charme intemporel.<\/p>","protected":false},"excerpt":{"rendered":"<p>Introduction \u00e0 Evoque Jasmin Noir Pr\u00e9sentant une v\u00e9ritable ode \u00e0 la sensualit\u00e9, l&rsquo;Evoque Jasmin Noir de Bvlgari incarne l&rsquo;\u00e9l\u00e9gance et la sophistication. Ce parfum envo\u00fbtant m\u00eale des notes florales riches \u00e0 un fond chaud et myst\u00e9rieux, cr\u00e9ant une exp\u00e9rience olfactive captivante. Une composition parfum\u00e9e unique La fragrance s&rsquo;ouvre sur des notes de jasmin d\u00e9licat, r\u00e9v\u00e9lant&hellip;<\/p>","protected":false},"featured_media":1905,"comment_status":"open","ping_status":"closed","template":"","meta":[],"product_cat":[16],"product_tag":[],"brand":[51,61],"note":[409,200,275,216,146,205,288,233,410,178,237,411,234,408,145],"usage":[406,407,412],"season":[223,224,221],"class_list":{"0":"post-913","1":"product","2":"type-product","3":"status-publish","4":"has-post-thumbnail","6":"product_cat-femme","7":"brand-bvlgari","8":"brand-jasmin-noir","9":"note-amande","10":"note-ambre","11":"note-ambre-oriental","12":"note-bois-de-gaiac","13":"note-coeur","14":"note-feve-tonka","15":"note-feve-tonka-oriental","16":"note-floral","17":"note-gardenia-tete","18":"note-jasmin","19":"note-jasmin-floral","20":"note-notes-vertes","21":"note-oriental","22":"note-reglisse","23":"note-tete","24":"usage-les-occasions-speciales","25":"usage-soirees","26":"usage-un-parfum-sophistique","27":"season-lautomne","28":"season-lhiver","29":"season-printemps","31":"first","32":"instock","33":"taxable","34":"shipping-taxable","35":"purchasable","36":"product-type-variable"},"_links":{"self":[{"href":"https:\/\/alassilparfum.com\/ar\/wp-json\/wp\/v2\/product\/913","targetHints":{"allow":["GET"]}}],"collection":[{"href":"https:\/\/alassilparfum.com\/ar\/wp-json\/wp\/v2\/product"}],"about":[{"href":"https:\/\/alassilparfum.com\/ar\/wp-json\/wp\/v2\/types\/product"}],"replies":[{"embeddable":true,"href":"https:\/\/alassilparfum.com\/ar\/wp-json\/wp\/v2\/comments?post=913"}],"wp:featuredmedia":[{"embeddable":true,"href":"https:\/\/alassilparfum.com\/ar\/wp-json\/wp\/v2\/media\/1905"}],"wp:attachment":[{"href":"https:\/\/alassilparfum.com\/ar\/wp-json\/wp\/v2\/media?parent=913"}],"wp:term":[{"taxonomy":"product_cat","embeddable":true,"href":"https:\/\/alassilparfum.com\/ar\/wp-json\/wp\/v2\/product_cat?post=913"},{"taxonomy":"product_tag","embeddable":true,"href":"https:\/\/alassilparfum.com\/ar\/wp-json\/wp\/v2\/product_tag?post=913"},{"taxonomy":"brand","embeddable":true,"href":"https:\/\/alassilparfum.com\/ar\/wp-json\/wp\/v2\/brand?post=913"},{"taxonomy":"note","embeddable":true,"href":"https:\/\/alassilparfum.com\/ar\/wp-json\/wp\/v2\/note?post=913"},{"taxonomy":"usage","embeddable":true,"href":"https:\/\/alassilparfum.com\/ar\/wp-json\/wp\/v2\/usage?post=913"},{"taxonomy":"season","embeddable":true,"href":"https:\/\/alassilparfum.com\/ar\/wp-json\/wp\/v2\/season?post=913"}],"curies":[{"name":"wp","href":"https:\/\/api.w.org\/{rel}","templated":true}]}}