{"id":936,"date":"2024-11-09T16:54:01","date_gmt":"2024-11-09T16:54:01","guid":{"rendered":"https:\/\/alassilparfum.com\/?post_type=product&#038;p=936"},"modified":"2024-11-09T16:57:50","modified_gmt":"2024-11-09T16:57:50","slug":"alassil-021","status":"publish","type":"product","link":"https:\/\/alassilparfum.com\/ar\/product\/alassil-021\/","title":{"rendered":"<span class='brand-text'>Evoque  Dior homme  de  DIOR<\/span> - ALASSIL-021"},"content":{"rendered":"<h2>Un parfum d&rsquo;exception<\/h2>\n<p>Notre parfum \u00e9quivalent \u00e0 Dior Homme de Dior offre une exp\u00e9rience olfactive unique. Inspir\u00e9 par la sophistication et l&rsquo;\u00e9l\u00e9gance de Dior Homme, ce parfum capture la quintessence du luxe masculin.<\/p>\n<h2>Notes parfum\u00e9es<\/h2>\n<p>Ce parfum se distingue par ses notes bois\u00e9es et florales. Les accents de bergamote, d&rsquo;iris et de v\u00e9tiver s&rsquo;unissent pour cr\u00e9er un ar\u00f4me riche et complexe qui attire l&rsquo;attention.<\/p>\n<h2>Une choix id\u00e9al pour chaque occasion<\/h2>\n<p>Que ce soit pour un usage quotidien ou une occasion sp\u00e9ciale, notre parfum \u00e9quivalent \u00e0 Dior Homme se r\u00e9v\u00e8le \u00eatre le choix parfait. Sa tenue longue dur\u00e9e vous garantit une \u00e9l\u00e9gance continue tout au long de la journ\u00e9e.mme<\/p>","protected":false},"excerpt":{"rendered":"<p>Un parfum d&rsquo;exception Notre parfum \u00e9quivalent \u00e0 Dior Homme de Dior offre une exp\u00e9rience olfactive unique. Inspir\u00e9 par la sophistication et l&rsquo;\u00e9l\u00e9gance de Dior Homme, ce parfum capture la quintessence du luxe masculin. Notes parfum\u00e9es Ce parfum se distingue par ses notes bois\u00e9es et florales. Les accents de bergamote, d&rsquo;iris et de v\u00e9tiver s&rsquo;unissent pour&hellip;<\/p>","protected":false},"featured_media":43,"comment_status":"open","ping_status":"closed","template":"","meta":[],"product_cat":[17],"product_tag":[],"brand":[36,440],"note":[230,442,325,147,156,231,441,146,210,187,161,234,198,443,145,202],"usage":[406,414],"season":[223,224],"class_list":{"0":"post-936","1":"product","2":"type-product","3":"status-publish","4":"has-post-thumbnail","6":"product_cat-homme","7":"brand-dior","8":"brand-dior-homme","9":"note-agrumes","10":"note-ambre-coeur","11":"note-ambre-boisee","12":"note-base","13":"note-bergamote","14":"note-boisee","15":"note-cacao","16":"note-coeur","17":"note-cuir","18":"note-iris","19":"note-lavande","20":"note-oriental","21":"note-patchouli","22":"note-sauge","23":"note-tete","24":"note-vetiver","25":"usage-les-occasions-speciales","26":"usage-soir","27":"season-lautomne","28":"season-lhiver","30":"first","31":"instock","32":"taxable","33":"shipping-taxable","34":"purchasable","35":"product-type-variable"},"_links":{"self":[{"href":"https:\/\/alassilparfum.com\/ar\/wp-json\/wp\/v2\/product\/936","targetHints":{"allow":["GET"]}}],"collection":[{"href":"https:\/\/alassilparfum.com\/ar\/wp-json\/wp\/v2\/product"}],"about":[{"href":"https:\/\/alassilparfum.com\/ar\/wp-json\/wp\/v2\/types\/product"}],"replies":[{"embeddable":true,"href":"https:\/\/alassilparfum.com\/ar\/wp-json\/wp\/v2\/comments?post=936"}],"wp:featuredmedia":[{"embeddable":true,"href":"https:\/\/alassilparfum.com\/ar\/wp-json\/wp\/v2\/media\/43"}],"wp:attachment":[{"href":"https:\/\/alassilparfum.com\/ar\/wp-json\/wp\/v2\/media?parent=936"}],"wp:term":[{"taxonomy":"product_cat","embeddable":true,"href":"https:\/\/alassilparfum.com\/ar\/wp-json\/wp\/v2\/product_cat?post=936"},{"taxonomy":"product_tag","embeddable":true,"href":"https:\/\/alassilparfum.com\/ar\/wp-json\/wp\/v2\/product_tag?post=936"},{"taxonomy":"brand","embeddable":true,"href":"https:\/\/alassilparfum.com\/ar\/wp-json\/wp\/v2\/brand?post=936"},{"taxonomy":"note","embeddable":true,"href":"https:\/\/alassilparfum.com\/ar\/wp-json\/wp\/v2\/note?post=936"},{"taxonomy":"usage","embeddable":true,"href":"https:\/\/alassilparfum.com\/ar\/wp-json\/wp\/v2\/usage?post=936"},{"taxonomy":"season","embeddable":true,"href":"https:\/\/alassilparfum.com\/ar\/wp-json\/wp\/v2\/season?post=936"}],"curies":[{"name":"wp","href":"https:\/\/api.w.org\/{rel}","templated":true}]}}