{"id":1104,"date":"2024-11-19T16:35:18","date_gmt":"2024-11-19T16:35:18","guid":{"rendered":"https:\/\/alassilparfum.com\/?post_type=product&#038;p=1104"},"modified":"2026-02-17T10:09:51","modified_gmt":"2026-02-17T10:09:51","slug":"alassil-035","status":"publish","type":"product","link":"https:\/\/alassilparfum.com\/fr\/product\/alassil-035\/","title":{"rendered":"<span class='brand-text'>Evoque  J\u00c1DORE  de  DIOR<\/span> - ALASSIL-035"},"content":{"rendered":"<h2>Un parfum d&rsquo;exception<\/h2>\n<p>D\u00e9couvrez notre parfum \u00e9quivalent \u00e0 J&rsquo;adore de Dior, une fragrance qui capture les notes florales et fruit\u00e9es qui ont fait la renomm\u00e9e de ce classique. Con\u00e7u pour celles qui recherchent une allure \u00e9l\u00e9gante et sophistiqu\u00e9e, ce parfum \u00e9voque la f\u00e9minit\u00e9 et la gr\u00e2ce.<\/p>\n<h2>Notes olfactives<\/h2>\n<p>Les accords de rose, de jasmin et de vanille se m\u00ealent harmonieusement pour cr\u00e9er une exp\u00e9rience sensorielle inoubliable. Chaque pulv\u00e9risation lib\u00e8re une explosion de douceur, vous enveloppant d&rsquo;un nuage de luxe et de d\u00e9licatesse.<\/p>\n<h2>Optez pour l&rsquo;\u00e9l\u00e9gance<\/h2>\n<p>Choisir notre parfum \u00e9quivalent \u00e0 J&rsquo;adore de Dior, c&rsquo;est opter pour une fragrance \u00e0 la fois intemporelle et moderne. Id\u00e9al pour toutes les occasions, ce parfum sera votre nouvel alli\u00e9 pour illuminer vos journ\u00e9es.<\/p>\n","protected":false},"excerpt":{"rendered":"<p>Un parfum d&rsquo;exception D\u00e9couvrez notre parfum \u00e9quivalent \u00e0 J&rsquo;adore de Dior, une fragrance qui capture les notes florales et fruit\u00e9es qui ont fait la renomm\u00e9e de ce classique. Con\u00e7u pour celles qui recherchent une allure \u00e9l\u00e9gante et sophistiqu\u00e9e, ce parfum \u00e9voque la f\u00e9minit\u00e9 et la gr\u00e2ce. Notes olfactives Les accords de rose, de jasmin et&hellip;<\/p>\n","protected":false},"featured_media":2103,"comment_status":"open","ping_status":"closed","template":"","meta":[],"product_cat":[16],"product_tag":[],"brand":[36,38],"note":[147,156,197,146,486,233,232,178,201,487,199,179],"usage":[490,488,217,489,414],"season":[223,222,224,221],"class_list":{"0":"post-1104","1":"product","2":"type-product","3":"status-publish","4":"has-post-thumbnail","6":"product_cat-femme","7":"brand-dior","8":"brand-jadore","9":"note-base","10":"note-bergamote","11":"note-bois-de-santal","12":"note-coeur","13":"note-fleur-de-magnolia","14":"note-floral","15":"note-fruitee","16":"note-jasmin","17":"note-musc","18":"note-rose-damascena","19":"note-vanille","20":"note-ylang-ylang","21":"usage-elegantes","22":"usage-evenements-speciaux","23":"usage-jour","24":"usage-romantiques","25":"usage-soir","26":"season-lautomne","27":"season-lete","28":"season-lhiver","29":"season-printemps","31":"first","32":"instock","33":"taxable","34":"shipping-taxable","35":"purchasable","36":"product-type-variable"},"_links":{"self":[{"href":"https:\/\/alassilparfum.com\/fr\/wp-json\/wp\/v2\/product\/1104","targetHints":{"allow":["GET"]}}],"collection":[{"href":"https:\/\/alassilparfum.com\/fr\/wp-json\/wp\/v2\/product"}],"about":[{"href":"https:\/\/alassilparfum.com\/fr\/wp-json\/wp\/v2\/types\/product"}],"replies":[{"embeddable":true,"href":"https:\/\/alassilparfum.com\/fr\/wp-json\/wp\/v2\/comments?post=1104"}],"wp:featuredmedia":[{"embeddable":true,"href":"https:\/\/alassilparfum.com\/fr\/wp-json\/wp\/v2\/media\/2103"}],"wp:attachment":[{"href":"https:\/\/alassilparfum.com\/fr\/wp-json\/wp\/v2\/media?parent=1104"}],"wp:term":[{"taxonomy":"product_cat","embeddable":true,"href":"https:\/\/alassilparfum.com\/fr\/wp-json\/wp\/v2\/product_cat?post=1104"},{"taxonomy":"product_tag","embeddable":true,"href":"https:\/\/alassilparfum.com\/fr\/wp-json\/wp\/v2\/product_tag?post=1104"},{"taxonomy":"brand","embeddable":true,"href":"https:\/\/alassilparfum.com\/fr\/wp-json\/wp\/v2\/brand?post=1104"},{"taxonomy":"note","embeddable":true,"href":"https:\/\/alassilparfum.com\/fr\/wp-json\/wp\/v2\/note?post=1104"},{"taxonomy":"usage","embeddable":true,"href":"https:\/\/alassilparfum.com\/fr\/wp-json\/wp\/v2\/usage?post=1104"},{"taxonomy":"season","embeddable":true,"href":"https:\/\/alassilparfum.com\/fr\/wp-json\/wp\/v2\/season?post=1104"}],"curies":[{"name":"wp","href":"https:\/\/api.w.org\/{rel}","templated":true}]}}