{"id":1129,"date":"2024-11-20T15:24:36","date_gmt":"2024-11-20T15:24:36","guid":{"rendered":"https:\/\/alassilparfum.com\/?post_type=product&#038;p=1129"},"modified":"2026-02-17T14:34:41","modified_gmt":"2026-02-17T14:34:41","slug":"alassil-040","status":"publish","type":"product","link":"https:\/\/alassilparfum.com\/fr\/product\/alassil-040\/","title":{"rendered":"<span class='brand-text'>Evoque  CH Women  de  Carolina Herrera<\/span> - ALASSIL-040"},"content":{"rendered":"<h2>Un parfum intemporel<\/h2>\n<p>Le parfum \u00e9quivalent \u00e0 CH Women de Carolina Herrera capture l&rsquo;essence m\u00eame de la f\u00e9minit\u00e9. Avec ses notes florales et fruit\u00e9es, il \u00e9voque une sensation de luxe et d&rsquo;\u00e9l\u00e9gance.<\/p>\n<h2>Les caract\u00e9ristiques du parfum<\/h2>\n<p>Ce parfum se distingue par son m\u00e9lange harmonieux de bergamote, de jasmin et de musc, cr\u00e9ant une fragrance s\u00e9duisante et durable. Id\u00e9al pour toute occasion, il accentue la personnalit\u00e9 de celle qui le porte.<\/p>\n<h2>Pourquoi choisir cet \u00e9quivalent?<\/h2>\n<p>Opter pour le parfum \u00e9quivalent \u00e0 CH Women, c&rsquo;est choisir un produit de qualit\u00e9 sup\u00e9rieure \u00e0 un prix abordable. Sa composition unique vous permettra de vous d\u00e9marquer et de laisser une empreinte m\u00e9morable.<\/p>\n","protected":false},"excerpt":{"rendered":"<p>Un parfum intemporel Le parfum \u00e9quivalent \u00e0 CH Women de Carolina Herrera capture l&rsquo;essence m\u00eame de la f\u00e9minit\u00e9. Avec ses notes florales et fruit\u00e9es, il \u00e9voque une sensation de luxe et d&rsquo;\u00e9l\u00e9gance. Les caract\u00e9ristiques du parfum Ce parfum se distingue par son m\u00e9lange harmonieux de bergamote, de jasmin et de musc, cr\u00e9ant une fragrance s\u00e9duisante&hellip;<\/p>\n","protected":false},"featured_media":2073,"comment_status":"open","ping_status":"closed","template":"","meta":[],"product_cat":[16],"product_tag":[],"brand":[494,506],"note":[200,147,156,197,190,157,146,233,178,509,234,160,198,507,508,145],"usage":[406,218],"season":[223,224],"class_list":{"0":"post-1129","1":"product","2":"type-product","3":"status-publish","4":"has-post-thumbnail","6":"product_cat-femme","7":"brand-carolina-herrera","8":"brand-ch-women","9":"note-ambre","10":"note-base","11":"note-bergamote","12":"note-bois-de-santal","13":"note-cannelle","14":"note-citron","15":"note-coeur","16":"note-floral","17":"note-jasmin","18":"note-melon-tete","19":"note-oriental","20":"note-pamplemousse","21":"note-patchouli","22":"note-praline-coeur","23":"note-rose-bulgare","24":"note-tete","25":"usage-les-occasions-speciales","26":"usage-nuit","27":"season-lautomne","28":"season-lhiver","30":"first","31":"instock","32":"taxable","33":"shipping-taxable","34":"purchasable","35":"product-type-variable"},"_links":{"self":[{"href":"https:\/\/alassilparfum.com\/fr\/wp-json\/wp\/v2\/product\/1129","targetHints":{"allow":["GET"]}}],"collection":[{"href":"https:\/\/alassilparfum.com\/fr\/wp-json\/wp\/v2\/product"}],"about":[{"href":"https:\/\/alassilparfum.com\/fr\/wp-json\/wp\/v2\/types\/product"}],"replies":[{"embeddable":true,"href":"https:\/\/alassilparfum.com\/fr\/wp-json\/wp\/v2\/comments?post=1129"}],"wp:featuredmedia":[{"embeddable":true,"href":"https:\/\/alassilparfum.com\/fr\/wp-json\/wp\/v2\/media\/2073"}],"wp:attachment":[{"href":"https:\/\/alassilparfum.com\/fr\/wp-json\/wp\/v2\/media?parent=1129"}],"wp:term":[{"taxonomy":"product_cat","embeddable":true,"href":"https:\/\/alassilparfum.com\/fr\/wp-json\/wp\/v2\/product_cat?post=1129"},{"taxonomy":"product_tag","embeddable":true,"href":"https:\/\/alassilparfum.com\/fr\/wp-json\/wp\/v2\/product_tag?post=1129"},{"taxonomy":"brand","embeddable":true,"href":"https:\/\/alassilparfum.com\/fr\/wp-json\/wp\/v2\/brand?post=1129"},{"taxonomy":"note","embeddable":true,"href":"https:\/\/alassilparfum.com\/fr\/wp-json\/wp\/v2\/note?post=1129"},{"taxonomy":"usage","embeddable":true,"href":"https:\/\/alassilparfum.com\/fr\/wp-json\/wp\/v2\/usage?post=1129"},{"taxonomy":"season","embeddable":true,"href":"https:\/\/alassilparfum.com\/fr\/wp-json\/wp\/v2\/season?post=1129"}],"curies":[{"name":"wp","href":"https:\/\/api.w.org\/{rel}","templated":true}]}}