{"id":1135,"date":"2024-11-21T17:16:02","date_gmt":"2024-11-21T17:16:02","guid":{"rendered":"https:\/\/alassilparfum.com\/?post_type=product&#038;p=1135"},"modified":"2026-02-17T14:33:46","modified_gmt":"2026-02-17T14:33:46","slug":"alassil-041","status":"publish","type":"product","link":"https:\/\/alassilparfum.com\/fr\/product\/alassil-041\/","title":{"rendered":"<span class='brand-text'>Evoque  212 VIP Women  de  Carolina Herrera<\/span> - ALASSIL-041"},"content":{"rendered":"<h2>Un parfum charismatique<\/h2>\n<p>Notre parfum \u00e9quivalent \u00e0 212 VIP Women de Carolina Herrera est con\u00e7u pour capturer l&rsquo;essence de la femme moderne et dynamique. Ce parfum \u00e9voque une senteur envo\u00fbtante et sophistiqu\u00e9e, id\u00e9ale pour les occasions sp\u00e9ciales.<\/p>\n<h2>Notes de t\u00eate envo\u00fbtantes<\/h2>\n<p>Ce parfum se distingue par ses notes de t\u00eate p\u00e9tillantes qui s\u00e9duisent d\u00e8s la premi\u00e8re pulv\u00e9risation. Vous appr\u00e9cierez l&rsquo;harmonie parfaite des agrumes et des fruits qui ajoutent une touche de fra\u00eecheur.<\/p>\n<h2>Un sillage inoubliable<\/h2>\n<p>La profondeur et la complexit\u00e9 de notre parfum \u00e9quivalent \u00e0 212 VIP Women se r\u00e9v\u00e8lent avec le temps, offrant un sillage inoubliable. Id\u00e9al pour la femme qui souhaite laisser une empreinte m\u00e9morable.<\/p>\n","protected":false},"excerpt":{"rendered":"<p>Un parfum charismatique Notre parfum \u00e9quivalent \u00e0 212 VIP Women de Carolina Herrera est con\u00e7u pour capturer l&rsquo;essence de la femme moderne et dynamique. Ce parfum \u00e9voque une senteur envo\u00fbtante et sophistiqu\u00e9e, id\u00e9ale pour les occasions sp\u00e9ciales. Notes de t\u00eate envo\u00fbtantes Ce parfum se distingue par ses notes de t\u00eate p\u00e9tillantes qui s\u00e9duisent d\u00e8s la&hellip;<\/p>\n","protected":false},"featured_media":2106,"comment_status":"open","ping_status":"closed","template":"","meta":[],"product_cat":[16],"product_tag":[],"brand":[510,494],"note":[147,504,146,205,511,196,201,234,513,145,199,512],"usage":[488,218],"season":[223,224],"class_list":{"0":"post-1135","1":"product","2":"type-product","3":"status-publish","4":"has-post-thumbnail","6":"product_cat-femme","7":"brand-212-vip-women","8":"brand-carolina-herrera","9":"note-base","10":"note-champagne-rose","11":"note-coeur","12":"note-feve-tonka","13":"note-fruit-de-la-passion-tete","14":"note-gardenia","15":"note-musc","16":"note-oriental","17":"note-rhum-coeur","18":"note-tete","19":"note-vanille","20":"note-vanille-2","21":"usage-evenements-speciaux","22":"usage-nuit","23":"season-lautomne","24":"season-lhiver","26":"first","27":"instock","28":"taxable","29":"shipping-taxable","30":"purchasable","31":"product-type-variable"},"_links":{"self":[{"href":"https:\/\/alassilparfum.com\/fr\/wp-json\/wp\/v2\/product\/1135","targetHints":{"allow":["GET"]}}],"collection":[{"href":"https:\/\/alassilparfum.com\/fr\/wp-json\/wp\/v2\/product"}],"about":[{"href":"https:\/\/alassilparfum.com\/fr\/wp-json\/wp\/v2\/types\/product"}],"replies":[{"embeddable":true,"href":"https:\/\/alassilparfum.com\/fr\/wp-json\/wp\/v2\/comments?post=1135"}],"wp:featuredmedia":[{"embeddable":true,"href":"https:\/\/alassilparfum.com\/fr\/wp-json\/wp\/v2\/media\/2106"}],"wp:attachment":[{"href":"https:\/\/alassilparfum.com\/fr\/wp-json\/wp\/v2\/media?parent=1135"}],"wp:term":[{"taxonomy":"product_cat","embeddable":true,"href":"https:\/\/alassilparfum.com\/fr\/wp-json\/wp\/v2\/product_cat?post=1135"},{"taxonomy":"product_tag","embeddable":true,"href":"https:\/\/alassilparfum.com\/fr\/wp-json\/wp\/v2\/product_tag?post=1135"},{"taxonomy":"brand","embeddable":true,"href":"https:\/\/alassilparfum.com\/fr\/wp-json\/wp\/v2\/brand?post=1135"},{"taxonomy":"note","embeddable":true,"href":"https:\/\/alassilparfum.com\/fr\/wp-json\/wp\/v2\/note?post=1135"},{"taxonomy":"usage","embeddable":true,"href":"https:\/\/alassilparfum.com\/fr\/wp-json\/wp\/v2\/usage?post=1135"},{"taxonomy":"season","embeddable":true,"href":"https:\/\/alassilparfum.com\/fr\/wp-json\/wp\/v2\/season?post=1135"}],"curies":[{"name":"wp","href":"https:\/\/api.w.org\/{rel}","templated":true}]}}