{"id":1236,"date":"2024-12-05T14:52:37","date_gmt":"2024-12-05T14:52:37","guid":{"rendered":"https:\/\/alassilparfum.com\/?post_type=product&#038;p=1236"},"modified":"2026-02-17T13:42:33","modified_gmt":"2026-02-17T13:42:33","slug":"alassil-059","status":"publish","type":"product","link":"https:\/\/alassilparfum.com\/fr\/product\/alassil-059\/","title":{"rendered":"<span class='brand-text'>Evoque  Allure Femme  de  CHANEL<\/span> - ALASSIL-059"},"content":{"rendered":"<h2>Une essence envo\u00fbtante<\/h2>\n<p>Le parfum que nous proposons est l&rsquo;\u00e9quivalent parfait d&rsquo;Allure Femme de Chanel. Avec ses notes florales \u00e9l\u00e9gantes, il capture l&rsquo;essence m\u00eame de la sophistication. Ce parfum vous transportera dans un monde de luxe et de raffinement.<\/p>\n<h2>Des notes riches et vari\u00e9es<\/h2>\n<p>Compos\u00e9 de m\u00e9langes harmonieux, notre parfum \u00e9quivalent \u00e9voque la sensualit\u00e9 et la f\u00e9minit\u00e9. Les ar\u00f4mes floraux s&rsquo;entrem\u00ealent avec des notes bois\u00e9es, cr\u00e9ant une fragrance \u00e0 la fois audacieuse et d\u00e9licate.<\/p>\n<h2>Un choix id\u00e9al pour toutes les occasions<\/h2>\n<p>Que ce soit pour une soir\u00e9e \u00e9l\u00e9gante ou une sortie quotidienne, ce parfum \u00e9quivalent \u00e0 Allure Femme de Chanel est le choix id\u00e9al. Profitez d&rsquo;une senteur irr\u00e9sistible qui saura s\u00e9duire en toute circonstance.<\/p>\n","protected":false},"excerpt":{"rendered":"<p>Une essence envo\u00fbtante Le parfum que nous proposons est l&rsquo;\u00e9quivalent parfait d&rsquo;Allure Femme de Chanel. Avec ses notes florales \u00e9l\u00e9gantes, il capture l&rsquo;essence m\u00eame de la sophistication. Ce parfum vous transportera dans un monde de luxe et de raffinement. Des notes riches et vari\u00e9es Compos\u00e9 de m\u00e9langes harmonieux, notre parfum \u00e9quivalent \u00e9voque la sensualit\u00e9 et&hellip;<\/p>\n","protected":false},"featured_media":2084,"comment_status":"open","ping_status":"closed","template":"","meta":[],"product_cat":[16],"product_tag":[],"brand":[572,41],"note":[147,156,197,157,146,233,178,183,159,234,198,186,177,199,202],"usage":[488,407,540],"season":[223,224],"class_list":{"0":"post-1236","1":"product","2":"type-product","3":"status-publish","4":"has-post-thumbnail","6":"product_cat-femme","7":"brand-allure-femme","8":"brand-chanel","9":"note-base","10":"note-bergamote","11":"note-bois-de-santal","12":"note-citron","13":"note-coeur","14":"note-floral","15":"note-jasmin","16":"note-magnolia","17":"note-mandarine","18":"note-oriental","19":"note-patchouli","20":"note-pivoine","21":"note-rose","22":"note-vanille","23":"note-vetiver","24":"usage-evenements-speciaux","25":"usage-soirees","26":"usage-soirees-romantiques","27":"season-lautomne","28":"season-lhiver","30":"first","31":"instock","32":"taxable","33":"shipping-taxable","34":"purchasable","35":"product-type-variable"},"_links":{"self":[{"href":"https:\/\/alassilparfum.com\/fr\/wp-json\/wp\/v2\/product\/1236","targetHints":{"allow":["GET"]}}],"collection":[{"href":"https:\/\/alassilparfum.com\/fr\/wp-json\/wp\/v2\/product"}],"about":[{"href":"https:\/\/alassilparfum.com\/fr\/wp-json\/wp\/v2\/types\/product"}],"replies":[{"embeddable":true,"href":"https:\/\/alassilparfum.com\/fr\/wp-json\/wp\/v2\/comments?post=1236"}],"wp:featuredmedia":[{"embeddable":true,"href":"https:\/\/alassilparfum.com\/fr\/wp-json\/wp\/v2\/media\/2084"}],"wp:attachment":[{"href":"https:\/\/alassilparfum.com\/fr\/wp-json\/wp\/v2\/media?parent=1236"}],"wp:term":[{"taxonomy":"product_cat","embeddable":true,"href":"https:\/\/alassilparfum.com\/fr\/wp-json\/wp\/v2\/product_cat?post=1236"},{"taxonomy":"product_tag","embeddable":true,"href":"https:\/\/alassilparfum.com\/fr\/wp-json\/wp\/v2\/product_tag?post=1236"},{"taxonomy":"brand","embeddable":true,"href":"https:\/\/alassilparfum.com\/fr\/wp-json\/wp\/v2\/brand?post=1236"},{"taxonomy":"note","embeddable":true,"href":"https:\/\/alassilparfum.com\/fr\/wp-json\/wp\/v2\/note?post=1236"},{"taxonomy":"usage","embeddable":true,"href":"https:\/\/alassilparfum.com\/fr\/wp-json\/wp\/v2\/usage?post=1236"},{"taxonomy":"season","embeddable":true,"href":"https:\/\/alassilparfum.com\/fr\/wp-json\/wp\/v2\/season?post=1236"}],"curies":[{"name":"wp","href":"https:\/\/api.w.org\/{rel}","templated":true}]}}