{"id":1529,"date":"2025-05-18T07:25:58","date_gmt":"2025-05-18T07:25:58","guid":{"rendered":"https:\/\/alassilparfum.com\/product\/alassil-069\/"},"modified":"2026-02-17T10:22:51","modified_gmt":"2026-02-17T10:22:51","slug":"alassil-069","status":"publish","type":"product","link":"https:\/\/alassilparfum.com\/fr\/product\/alassil-069\/","title":{"rendered":"<span class='brand-text'>Evoque  CHANEL N\u00ba5  de  CHANEL<\/span> - ALASSIL-069"},"content":{"rendered":"<h2>D\u00e9couvrez l\u2019Essence de l\u2019\u00c9l\u00e9gance<\/h2>\n<p>Offrez-vous une exp\u00e9rience olfactive in\u00e9gal\u00e9e avec notre dupe du c\u00e9l\u00e8bre parfum CHANEL N\u00ba5. Ce parfum dupe capture l&rsquo;essence de la sophistication, vous transportant dans un univers de luxe sans compromettre votre budget. Id\u00e9al pour les amateurs de fragrances embl\u00e9matiques, ce parfum repr\u00e9sente une alternative s\u00e9duisante qui ravira vos sens \u00e0 chaque vaporisation.<\/p>\n<h2>Un Parfum pour Chaque Saison<\/h2>\n<p>Bien que ce parfum puisse \u00eatre port\u00e9 tout au long de l\u2019ann\u00e9e, la saison id\u00e9ale pour en profiter est sans conteste l\u2019automne et l\u2019hiver. Les notes chaleureuses et enveloppantes de ce dupe cr\u00e9ent une ambiance de confort et d\u2019\u00e9l\u00e9gance, parfaites pour les soir\u00e9es et les occasions sp\u00e9ciales. Que ce soit pour un d\u00eener romantique ou une r\u00e9union conviviale, ce parfum fera sensation.<\/p>\n<h2>Notes Olfactives en Harmonie<\/h2>\n<p>Plongez dans la richesse de sa composition envo\u00fbtante. Ce dupe de CHANEL N\u00ba5 appartient \u00e0 la famille olfactive floralealdehyd\u00e9e, un choix intemporel qui combine des \u00e9l\u00e9ments raffin\u00e9s.<\/p>\n<p>Les notes de t\u00eate s&rsquo;ouvrent sur un \u00e9clat frais et p\u00e9tillant, gr\u00e2ce \u00e0 des accords de citron, de bergamote et de n\u00e9roli. Ces premi\u00e8res impressions sont rapidement rehauss\u00e9es par le c\u0153ur floral, o\u00f9 la d\u00e9licatesse de la rose se marie harmonieusement avec le jasmin, cr\u00e9ant une aura de f\u00e9minit\u00e9 indiscutable. Enfin, les notes de fond soulignent la profondeur de cette fragrance avec des touches de vanille, de musc et de bois de santal, laissant une empreinte m\u00e9morable et chaleureuse.<\/p>\n<p>En r\u00e9sum\u00e9, cette alternative au parfum CHANEL N\u00ba5 est plus qu&rsquo;une simple fragrance \u2012 c&rsquo;est une d\u00e9claration de style et d&rsquo;\u00e9l\u00e9gance. Offrez-vous le luxe d&rsquo;un parfum embl\u00e9matique tout en profitant d&rsquo;un rapport qualit\u00e9-prix exceptionnel. Faites-en l&rsquo;alli\u00e9 de votre quotidien et laissez-vous s\u00e9duire par son charme intemporel.<\/p>\n","protected":false},"excerpt":{"rendered":"<p>D\u00e9couvrez l\u2019Essence de l\u2019\u00c9l\u00e9gance Offrez-vous une exp\u00e9rience olfactive in\u00e9gal\u00e9e avec notre dupe du c\u00e9l\u00e8bre parfum CHANEL N\u00ba5. Ce parfum dupe capture l&rsquo;essence de la sophistication, vous transportant dans un univers de luxe sans compromettre votre budget. Id\u00e9al pour les amateurs de fragrances embl\u00e9matiques, ce parfum repr\u00e9sente une alternative s\u00e9duisante qui ravira vos sens \u00e0 chaque&hellip;<\/p>\n","protected":false},"featured_media":2084,"comment_status":"open","ping_status":"closed","template":"","meta":[],"product_cat":[16],"product_tag":[],"brand":[41,589],"note":[230,147,156,197,157,146,233,178,201,176,177,145,199],"usage":[590,406,591,407],"season":[223,224],"class_list":{"0":"post-1529","1":"product","2":"type-product","3":"status-publish","4":"has-post-thumbnail","6":"product_cat-femme","7":"brand-chanel","8":"brand-chanel-no5","9":"note-agrumes","10":"note-base","11":"note-bergamote","12":"note-bois-de-santal","13":"note-citron","14":"note-coeur","15":"note-floral","16":"note-jasmin","17":"note-musc","18":"note-neroli","19":"note-rose","20":"note-tete","21":"note-vanille","22":"usage-diner-romantique","23":"usage-les-occasions-speciales","24":"usage-reunion-conviviale","25":"usage-soirees","26":"season-lautomne","27":"season-lhiver","29":"first","30":"instock","31":"taxable","32":"shipping-taxable","33":"purchasable","34":"product-type-variable"},"_links":{"self":[{"href":"https:\/\/alassilparfum.com\/fr\/wp-json\/wp\/v2\/product\/1529","targetHints":{"allow":["GET"]}}],"collection":[{"href":"https:\/\/alassilparfum.com\/fr\/wp-json\/wp\/v2\/product"}],"about":[{"href":"https:\/\/alassilparfum.com\/fr\/wp-json\/wp\/v2\/types\/product"}],"replies":[{"embeddable":true,"href":"https:\/\/alassilparfum.com\/fr\/wp-json\/wp\/v2\/comments?post=1529"}],"wp:featuredmedia":[{"embeddable":true,"href":"https:\/\/alassilparfum.com\/fr\/wp-json\/wp\/v2\/media\/2084"}],"wp:attachment":[{"href":"https:\/\/alassilparfum.com\/fr\/wp-json\/wp\/v2\/media?parent=1529"}],"wp:term":[{"taxonomy":"product_cat","embeddable":true,"href":"https:\/\/alassilparfum.com\/fr\/wp-json\/wp\/v2\/product_cat?post=1529"},{"taxonomy":"product_tag","embeddable":true,"href":"https:\/\/alassilparfum.com\/fr\/wp-json\/wp\/v2\/product_tag?post=1529"},{"taxonomy":"brand","embeddable":true,"href":"https:\/\/alassilparfum.com\/fr\/wp-json\/wp\/v2\/brand?post=1529"},{"taxonomy":"note","embeddable":true,"href":"https:\/\/alassilparfum.com\/fr\/wp-json\/wp\/v2\/note?post=1529"},{"taxonomy":"usage","embeddable":true,"href":"https:\/\/alassilparfum.com\/fr\/wp-json\/wp\/v2\/usage?post=1529"},{"taxonomy":"season","embeddable":true,"href":"https:\/\/alassilparfum.com\/fr\/wp-json\/wp\/v2\/season?post=1529"}],"curies":[{"name":"wp","href":"https:\/\/api.w.org\/{rel}","templated":true}]}}