{"id":1530,"date":"2025-05-18T07:25:58","date_gmt":"2025-05-18T07:25:58","guid":{"rendered":"https:\/\/alassilparfum.com\/product\/alassil-070\/"},"modified":"2026-02-17T10:21:29","modified_gmt":"2026-02-17T10:21:29","slug":"alassil-070","status":"publish","type":"product","link":"https:\/\/alassilparfum.com\/fr\/product\/alassil-070\/","title":{"rendered":"<span class='brand-text'>Evoque  D\u00c9CLARATION D'UN SOIR  de  Cartier<\/span> - ALASSIL-070"},"content":{"rendered":"<h2>D\u00e9couvrez l&rsquo;Essence de la Romance<\/h2>\n<p>Embrassez le monde envo\u00fbtant du parfum avec notre dupe inspir\u00e9 par D\u00c9CLARATION D&rsquo;UN SOIR. Cette fragrance captivante est l&rsquo;incarnation de la passion et de l&rsquo;\u00e9l\u00e9gance, parfaite pour ceux qui cherchent \u00e0 exprimer leur individualit\u00e9 et leur charme unique. Avec son m\u00e9lange harmonieux de notes d\u00e9licates, ce parfum est plus qu&rsquo;une simple fragrance : c&rsquo;est une d\u00e9claration personnelle.<\/p>\n<h2>Des Notes qui \u00c9voquent la Magie<\/h2>\n<p>La composition de ce parfum est soigneusement \u00e9labor\u00e9e, offrant une exp\u00e9rience olfactive inoubliable. Les notes de t\u00eate sont un souffle frais, o\u00f9 l&rsquo;orange et la bergamote se marient pour cr\u00e9er une ouverture p\u00e9tillante qui attire instantan\u00e9ment l&rsquo;attention. En avan\u00e7ant, les notes de c\u0153ur s&rsquo;ouvrent sur une symphonie florale, o\u00f9 le jasmin et l&rsquo;iris s&rsquo;entrelacent pour apporter une douceur profonde et romantique. Enfin, les notes de fond, avec des accents de bois de santal et de musc, laissent une empreinte durable, enveloppant la peau d&rsquo;une aura myst\u00e9rieuse et s\u00e9duisante.<\/p>\n<h2>Un Parfum pour Chaque Saison<\/h2>\n<p>Ce dupe de D\u00c9CLARATION D&rsquo;UN SOIR est particuli\u00e8rement id\u00e9al pour les soir\u00e9es fra\u00eeches du printemps et de l&rsquo;automne, lorsque son essence peut r\u00e9ellement briller. Cependant, il a \u00e9galement la versatilit\u00e9 n\u00e9cessaire pour \u00eatre port\u00e9 tout au long de l&rsquo;ann\u00e9e, s&rsquo;adaptant \u00e0 diverses occasions, qu&rsquo;il s&rsquo;agisse d&rsquo;un d\u00eener romantique ou d&rsquo;une soir\u00e9e entre amis. Avec ce parfum, soyez pr\u00eat \u00e0 attirer des regards admiratifs et \u00e0 susciter des compliments o\u00f9 que vous soyez.<\/p>\n<p>Choisissez ce dupe de parfum D\u00c9CLARATION D&rsquo;UN SOIR pour une exp\u00e9rience olfactive qui allie \u00e9l\u00e9gance intemporelle et s\u00e9duction subtile. Faites de chaque jour une occasion sp\u00e9ciale avec un parfum qui parle de vous.<\/p>\n","protected":false},"excerpt":{"rendered":"<p>D\u00e9couvrez l&rsquo;Essence de la Romance Embrassez le monde envo\u00fbtant du parfum avec notre dupe inspir\u00e9 par D\u00c9CLARATION D&rsquo;UN SOIR. Cette fragrance captivante est l&rsquo;incarnation de la passion et de l&rsquo;\u00e9l\u00e9gance, parfaite pour ceux qui cherchent \u00e0 exprimer leur individualit\u00e9 et leur charme unique. Avec son m\u00e9lange harmonieux de notes d\u00e9licates, ce parfum est plus qu&rsquo;une&hellip;<\/p>\n","protected":false},"featured_media":2105,"comment_status":"open","ping_status":"closed","template":"","meta":[],"product_cat":[17],"product_tag":[],"brand":[587,599],"note":[230,147,156,197,231,146,233,187,178,201,424,145],"usage":[590,600],"season":[223,221],"class_list":{"0":"post-1530","1":"product","2":"type-product","3":"status-publish","4":"has-post-thumbnail","6":"product_cat-homme","7":"brand-cartier","8":"brand-declaration-dun-soir","9":"note-agrumes","10":"note-base","11":"note-bergamote","12":"note-bois-de-santal","13":"note-boisee","14":"note-coeur","15":"note-floral","16":"note-iris","17":"note-jasmin","18":"note-musc","19":"note-orange-tete","20":"note-tete","21":"usage-diner-romantique","22":"usage-soiree-entre-amis","23":"season-lautomne","24":"season-printemps","26":"first","27":"instock","28":"taxable","29":"shipping-taxable","30":"purchasable","31":"product-type-variable"},"_links":{"self":[{"href":"https:\/\/alassilparfum.com\/fr\/wp-json\/wp\/v2\/product\/1530","targetHints":{"allow":["GET"]}}],"collection":[{"href":"https:\/\/alassilparfum.com\/fr\/wp-json\/wp\/v2\/product"}],"about":[{"href":"https:\/\/alassilparfum.com\/fr\/wp-json\/wp\/v2\/types\/product"}],"replies":[{"embeddable":true,"href":"https:\/\/alassilparfum.com\/fr\/wp-json\/wp\/v2\/comments?post=1530"}],"wp:featuredmedia":[{"embeddable":true,"href":"https:\/\/alassilparfum.com\/fr\/wp-json\/wp\/v2\/media\/2105"}],"wp:attachment":[{"href":"https:\/\/alassilparfum.com\/fr\/wp-json\/wp\/v2\/media?parent=1530"}],"wp:term":[{"taxonomy":"product_cat","embeddable":true,"href":"https:\/\/alassilparfum.com\/fr\/wp-json\/wp\/v2\/product_cat?post=1530"},{"taxonomy":"product_tag","embeddable":true,"href":"https:\/\/alassilparfum.com\/fr\/wp-json\/wp\/v2\/product_tag?post=1530"},{"taxonomy":"brand","embeddable":true,"href":"https:\/\/alassilparfum.com\/fr\/wp-json\/wp\/v2\/brand?post=1530"},{"taxonomy":"note","embeddable":true,"href":"https:\/\/alassilparfum.com\/fr\/wp-json\/wp\/v2\/note?post=1530"},{"taxonomy":"usage","embeddable":true,"href":"https:\/\/alassilparfum.com\/fr\/wp-json\/wp\/v2\/usage?post=1530"},{"taxonomy":"season","embeddable":true,"href":"https:\/\/alassilparfum.com\/fr\/wp-json\/wp\/v2\/season?post=1530"}],"curies":[{"name":"wp","href":"https:\/\/api.w.org\/{rel}","templated":true}]}}