{"id":1531,"date":"2025-05-18T07:25:58","date_gmt":"2025-05-18T07:25:58","guid":{"rendered":"https:\/\/alassilparfum.com\/product\/alassil-071\/"},"modified":"2026-02-17T10:23:54","modified_gmt":"2026-02-17T10:23:54","slug":"alassil-071","status":"publish","type":"product","link":"https:\/\/alassilparfum.com\/fr\/product\/alassil-071\/","title":{"rendered":"<span class='brand-text'>Evoque  Baiser Vol\u00e9  de  Cartier<\/span> - ALASSIL-071"},"content":{"rendered":"<h2>Une \u00c9vasion Sensorielle<\/h2>\n<p>D\u00e9couvrez le parfum Baiser Vol\u00e9, une sublime interpr\u00e9tation qui capture l&rsquo;essence m\u00eame de la romantisme et de la s\u00e9duction. Ce dupe, tout en subtilit\u00e9, vous transportera dans un monde de sophistication in\u00e9gal\u00e9e, permettant \u00e0 chaque utilisateur de se sentir unique et irr\u00e9sistible. Avec Baiser Vol\u00e9, chaque vaporisation est une promesse d&rsquo;\u00e9vasion vers des saisons parfum\u00e9es, o\u00f9 la danse des notes embaume l&rsquo;air d&rsquo;une sensualit\u00e9 envo\u00fbtante.<\/p>\n<h2>Famille Olfactive et Notes D\u00e9licates<\/h2>\n<p>Baiser Vol\u00e9 appartient \u00e0 la famille olfactive florale, un choix parfait pour ceux qui recherchent une fragrance l\u00e9g\u00e8re et raffin\u00e9e. Ses notes de t\u00eate s&rsquo;ouvrent sur un \u00e9quilibre parfait de fra\u00eecheur, m\u00ealant la douceur envo\u00fbtante de la poire \u00e0 la p\u00e9tillance du citron. Elles laissent place \u00e0 un c\u0153ur floral g\u00e9n\u00e9reux domin\u00e9 par un bouquet de roses et de lys, cr\u00e9ant un sillage riche et captivant. Enfin, les notes de fond, voluptueuses et charnelles, se r\u00e9v\u00e8lent avec l&rsquo;accord d\u00e9licat de la vanille et du musc, offrant une profondeur inoubliable qui reste sur la peau tout au long de la journ\u00e9e.<\/p>\n<h2>Quand Porter Baiser Vol\u00e9<\/h2>\n<p>Ce parfum est id\u00e9al pour les saisons printani\u00e8res et estivales, lorsqu&rsquo;il fait chaud et que la nature s&rsquo;\u00e9panouit. Sa l\u00e9g\u00e8ret\u00e9 et sa fra\u00eecheur en font un choix parfait pour accompagner vos journ\u00e9es ensoleill\u00e9es ou vos soir\u00e9es romantiques. Que ce soit pour une sortie entre amis, un rendez-vous galant ou un \u00e9v\u00e9nement sp\u00e9cial, le parfum Baiser Vol\u00e9 saura vous envelopper d&rsquo;une aura charmante, attirant les compliments et cr\u00e9ant des souvenirs inoubliables.<\/p>\n<p>Offrant une exp\u00e9rience sensorielle incomparable, le parfum Baiser Vol\u00e9 est plus qu\u2019un simple parfum ; c\u2019est une d\u00e9claration de style et de sophistication. Adoptez cette fragrance envo\u00fbtante et laissez-vous s\u00e9duire par son charme, jour apr\u00e8s jour.<\/p>\n","protected":false},"excerpt":{"rendered":"<p>Une \u00c9vasion Sensorielle D\u00e9couvrez le parfum Baiser Vol\u00e9, une sublime interpr\u00e9tation qui capture l&rsquo;essence m\u00eame de la romantisme et de la s\u00e9duction. Ce dupe, tout en subtilit\u00e9, vous transportera dans un monde de sophistication in\u00e9gal\u00e9e, permettant \u00e0 chaque utilisateur de se sentir unique et irr\u00e9sistible. Avec Baiser Vol\u00e9, chaque vaporisation est une promesse d&rsquo;\u00e9vasion vers&hellip;<\/p>\n","protected":false},"featured_media":2106,"comment_status":"open","ping_status":"closed","template":"","meta":[],"product_cat":[16],"product_tag":[],"brand":[596,587],"note":[157,146,233,184,201,169,236,177,145,199],"usage":[540,595,594,593],"season":[592],"class_list":{"0":"post-1531","1":"product","2":"type-product","3":"status-publish","4":"has-post-thumbnail","6":"product_cat-femme","7":"brand-baiser-vole","8":"brand-cartier","9":"note-citron","10":"note-coeur","11":"note-floral","12":"note-lys","13":"note-musc","14":"note-poire","15":"note-rose-floral","16":"note-rose","17":"note-tete","18":"note-vanille","19":"usage-soirees-romantiques","20":"usage-un-evenement-special","21":"usage-un-rendez-vous-galant","22":"usage-une-sortie-entre-ami","23":"season-saisons-printanieres-et-estivales","25":"first","26":"instock","27":"taxable","28":"shipping-taxable","29":"purchasable","30":"product-type-variable"},"_links":{"self":[{"href":"https:\/\/alassilparfum.com\/fr\/wp-json\/wp\/v2\/product\/1531","targetHints":{"allow":["GET"]}}],"collection":[{"href":"https:\/\/alassilparfum.com\/fr\/wp-json\/wp\/v2\/product"}],"about":[{"href":"https:\/\/alassilparfum.com\/fr\/wp-json\/wp\/v2\/types\/product"}],"replies":[{"embeddable":true,"href":"https:\/\/alassilparfum.com\/fr\/wp-json\/wp\/v2\/comments?post=1531"}],"wp:featuredmedia":[{"embeddable":true,"href":"https:\/\/alassilparfum.com\/fr\/wp-json\/wp\/v2\/media\/2106"}],"wp:attachment":[{"href":"https:\/\/alassilparfum.com\/fr\/wp-json\/wp\/v2\/media?parent=1531"}],"wp:term":[{"taxonomy":"product_cat","embeddable":true,"href":"https:\/\/alassilparfum.com\/fr\/wp-json\/wp\/v2\/product_cat?post=1531"},{"taxonomy":"product_tag","embeddable":true,"href":"https:\/\/alassilparfum.com\/fr\/wp-json\/wp\/v2\/product_tag?post=1531"},{"taxonomy":"brand","embeddable":true,"href":"https:\/\/alassilparfum.com\/fr\/wp-json\/wp\/v2\/brand?post=1531"},{"taxonomy":"note","embeddable":true,"href":"https:\/\/alassilparfum.com\/fr\/wp-json\/wp\/v2\/note?post=1531"},{"taxonomy":"usage","embeddable":true,"href":"https:\/\/alassilparfum.com\/fr\/wp-json\/wp\/v2\/usage?post=1531"},{"taxonomy":"season","embeddable":true,"href":"https:\/\/alassilparfum.com\/fr\/wp-json\/wp\/v2\/season?post=1531"}],"curies":[{"name":"wp","href":"https:\/\/api.w.org\/{rel}","templated":true}]}}