{"id":1535,"date":"2025-05-18T07:25:59","date_gmt":"2025-05-18T07:25:59","guid":{"rendered":"https:\/\/alassilparfum.com\/product\/alassil-075\/"},"modified":"2025-05-21T20:24:32","modified_gmt":"2025-05-21T20:24:32","slug":"alassil-075","status":"publish","type":"product","link":"https:\/\/alassilparfum.com\/fr\/product\/alassil-075\/","title":{"rendered":"<span class='brand-text'>Evoque  PANTH\u00c8RE NOIR  de  Cartier<\/span> - ALASSIL-075"},"content":{"rendered":"<h2>D\u00e9couvrez l&rsquo;essence du PANTH\u00c8RE NOIR<\/h2>\n<p>\u00c9veillez vos sens avec notre dupe de parfum PANTH\u00c8RE NOIR, une fragrance qui incarne l&rsquo;audace et la s\u00e9duction. Cette cr\u00e9ation olfactive vous transporte dans un monde myst\u00e9rieux o\u00f9 chaque note r\u00e9v\u00e8le une nouvelle facette de votre personnalit\u00e9. Parfait pour les journ\u00e9es ensoleill\u00e9es et les soir\u00e9es glamour, ce parfum est votre alli\u00e9 id\u00e9al pour toute occasion.<\/p>\n<h2>Une fragrance pour toutes les saisons<\/h2>\n<p>PANTH\u00c8RE NOIR est particuli\u00e8rement adapt\u00e9 pour le printemps et l&rsquo;\u00e9t\u00e9, gr\u00e2ce \u00e0 sa fra\u00eecheur vibrante qui \u00e9voque la douceur des journ\u00e9es ensoleill\u00e9es. Les senteurs florales et fruit\u00e9es se marient harmonieusement, vous enveloppant d&rsquo;une aura s\u00e9duisante. Que vous soyez en terrasse, en promenade dans un parc ou lors d&rsquo;une soir\u00e9e entre amis, ce parfum vous fera briller.<\/p>\n<h2>Composition olfactive captivante<\/h2>\n<p>La richesse de cette fragrance se r\u00e9v\u00e8le \u00e0 travers ses notes bien \u00e9quilibr\u00e9es. En t\u00eate, des notes fruit\u00e9es de framboise et de bergamote \u00e9veillent l&rsquo;esprit. Le c\u0153ur, constitu\u00e9 de fleurs d\u00e9licates comme la rose et le jasmin, apporte une touche romantique et \u00e9l\u00e9gante. Enfin, les notes de fond, avec le bois de santal et la vanille, laissent une empreinte chaude et r\u00e9confortante, assurant que votre pr\u00e9sence reste inoubliable.<\/p>\n<p>En r\u00e9sum\u00e9, notre dupe de parfum PANTH\u00c8RE NOIR n&rsquo;est pas seulement un parfum; c&rsquo;est une exp\u00e9rience olfactive qui enchante et fascine. Faites le choix d&rsquo;une fragrance qui vous repr\u00e9sente et qui attire les regards. Offrez-vous le plaisir de porter cette essence unique, et laissez-la devenir une signature de votre style et de votre personnalit\u00e9.<\/p>\n","protected":false},"excerpt":{"rendered":"<p>D\u00e9couvrez l&rsquo;essence du PANTH\u00c8RE NOIR \u00c9veillez vos sens avec notre dupe de parfum PANTH\u00c8RE NOIR, une fragrance qui incarne l&rsquo;audace et la s\u00e9duction. Cette cr\u00e9ation olfactive vous transporte dans un monde myst\u00e9rieux o\u00f9 chaque note r\u00e9v\u00e8le une nouvelle facette de votre personnalit\u00e9. Parfait pour les journ\u00e9es ensoleill\u00e9es et les soir\u00e9es glamour, ce parfum est votre&hellip;<\/p>\n","protected":false},"featured_media":0,"comment_status":"open","ping_status":"closed","template":"","meta":[],"product_cat":[16],"product_tag":[],"brand":[587,604],"note":[147,156,197,231,146,167,232,178,177,145,199],"usage":[600],"season":[222,221],"class_list":{"0":"post-1535","1":"product","2":"type-product","3":"status-publish","5":"product_cat-femme","6":"brand-cartier","7":"brand-panthere-noir","8":"note-base","9":"note-bergamote","10":"note-bois-de-santal","11":"note-boisee","12":"note-coeur","13":"note-framboise","14":"note-fruitee","15":"note-jasmin","16":"note-rose","17":"note-tete","18":"note-vanille","19":"usage-soiree-entre-amis","20":"season-lete","21":"season-printemps","23":"first","24":"instock","25":"taxable","26":"shipping-taxable","27":"purchasable","28":"product-type-variable"},"_links":{"self":[{"href":"https:\/\/alassilparfum.com\/fr\/wp-json\/wp\/v2\/product\/1535","targetHints":{"allow":["GET"]}}],"collection":[{"href":"https:\/\/alassilparfum.com\/fr\/wp-json\/wp\/v2\/product"}],"about":[{"href":"https:\/\/alassilparfum.com\/fr\/wp-json\/wp\/v2\/types\/product"}],"replies":[{"embeddable":true,"href":"https:\/\/alassilparfum.com\/fr\/wp-json\/wp\/v2\/comments?post=1535"}],"wp:attachment":[{"href":"https:\/\/alassilparfum.com\/fr\/wp-json\/wp\/v2\/media?parent=1535"}],"wp:term":[{"taxonomy":"product_cat","embeddable":true,"href":"https:\/\/alassilparfum.com\/fr\/wp-json\/wp\/v2\/product_cat?post=1535"},{"taxonomy":"product_tag","embeddable":true,"href":"https:\/\/alassilparfum.com\/fr\/wp-json\/wp\/v2\/product_tag?post=1535"},{"taxonomy":"brand","embeddable":true,"href":"https:\/\/alassilparfum.com\/fr\/wp-json\/wp\/v2\/brand?post=1535"},{"taxonomy":"note","embeddable":true,"href":"https:\/\/alassilparfum.com\/fr\/wp-json\/wp\/v2\/note?post=1535"},{"taxonomy":"usage","embeddable":true,"href":"https:\/\/alassilparfum.com\/fr\/wp-json\/wp\/v2\/usage?post=1535"},{"taxonomy":"season","embeddable":true,"href":"https:\/\/alassilparfum.com\/fr\/wp-json\/wp\/v2\/season?post=1535"}],"curies":[{"name":"wp","href":"https:\/\/api.w.org\/{rel}","templated":true}]}}