{"id":1536,"date":"2025-05-18T07:25:59","date_gmt":"2025-05-18T07:25:59","guid":{"rendered":"https:\/\/alassilparfum.com\/product\/alassil-076\/"},"modified":"2026-02-17T15:07:23","modified_gmt":"2026-02-17T15:07:23","slug":"alassil-076","status":"publish","type":"product","link":"https:\/\/alassilparfum.com\/fr\/product\/alassil-076\/","title":{"rendered":"<span class='brand-text'>Evoque  AVENTUS  de  CREED<\/span> - ALASSIL-076"},"content":{"rendered":"<h2>Introduction<\/h2>\n<p>ALASSIL-076 est l&rsquo;accord parfait entre sophistication et accessibilit\u00e9. Inspir\u00e9 par le c\u00e9l\u00e8bre Creed Aventus, ce parfum se positionne comme une alternative luxueuse et \u00e9l\u00e9gante \u00e0 un prix abordable. Con\u00e7u pour les amateurs de haute parfumerie, il offre une qualit\u00e9 exceptionnelle qui saura s\u00e9duire les plus exigeants. Parfait pour toutes les occasions, il repr\u00e9sente une immersion olfactive dans l&rsquo;univers du raffinement et du prestige.<\/p>\n<h2>Le Sillage<\/h2>\n<p>Le parfum ALASSIL-076 enveloppe vos sens avec des notes distinctives et raffin\u00e9es. Ce bijou olfactif s&rsquo;ouvre sur des accords fruit\u00e9s et frais o\u00f9 la bergamote et les pommes croquantes prennent la t\u00eate. En son c\u0153ur, des notes florales et complexes animent des essences riches et terreuses. Enfin, la base apporte une profondeur bois\u00e9e sublim\u00e9e par des touches musqu\u00e9es et vanill\u00e9es. Chaque vaporisation incarne l&rsquo;\u00e9quilibre parfait entre intensit\u00e9 et l\u00e9g\u00e8ret\u00e9, restant fid\u00e8le \u00e0 l&rsquo;inspiration originale de Creed Aventus.<\/p>\n<h2>L&rsquo;Argument<\/h2>\n<p>Au-del\u00e0 de son sillage captivant, ALASSIL-076 se distingue par sa longue tenue. Con\u00e7u pour durer du matin jusqu&rsquo;au soir, ce parfum \u00e9l\u00e9gant conserve son caract\u00e8re tout au long de la journ\u00e9e. Que ce soit pour vos moments intimes, vos r\u00e9unions professionnelles ou vos soir\u00e9es mondaines, il vous accompagne avec assurance et chic. En choisissant ALASSIL-076, vous optez pour le luxe \u00e0 port\u00e9e de main, sans compromis sur la qualit\u00e9. Ce parfum est une v\u00e9ritable d\u00e9claration de style et de sophistication.<\/p>\n","protected":false},"excerpt":{"rendered":"<p>Introduction ALASSIL-076 est l&rsquo;accord parfait entre sophistication et accessibilit\u00e9. Inspir\u00e9 par le c\u00e9l\u00e8bre Creed Aventus, ce parfum se positionne comme une alternative luxueuse et \u00e9l\u00e9gante \u00e0 un prix abordable. Con\u00e7u pour les amateurs de haute parfumerie, il offre une qualit\u00e9 exceptionnelle qui saura s\u00e9duire les plus exigeants. Parfait pour toutes les occasions, il repr\u00e9sente une&hellip;<\/p>\n","protected":false},"featured_media":2079,"comment_status":"open","ping_status":"closed","template":"","meta":[],"product_cat":[17],"product_tag":[],"brand":[606,605],"note":[586,147,156,197,231,146,232,178,201,177,145],"usage":[608,407],"season":[222,221,607],"class_list":{"0":"post-1536","1":"product","2":"type-product","3":"status-publish","4":"has-post-thumbnail","6":"product_cat-homme","7":"brand-aventus","8":"brand-creed","9":"note-ananas-tete","10":"note-base","11":"note-bergamote","12":"note-bois-de-santal","13":"note-boisee","14":"note-coeur","15":"note-fruitee","16":"note-jasmin","17":"note-musc","18":"note-rose","19":"note-tete","20":"usage-journee-ensoleillee","21":"usage-soirees","22":"season-lete","23":"season-printemps","24":"season-soirees-dautomne","26":"first","27":"instock","28":"taxable","29":"shipping-taxable","30":"purchasable","31":"product-type-variable","32":"has-default-attributes"},"_links":{"self":[{"href":"https:\/\/alassilparfum.com\/fr\/wp-json\/wp\/v2\/product\/1536","targetHints":{"allow":["GET"]}}],"collection":[{"href":"https:\/\/alassilparfum.com\/fr\/wp-json\/wp\/v2\/product"}],"about":[{"href":"https:\/\/alassilparfum.com\/fr\/wp-json\/wp\/v2\/types\/product"}],"replies":[{"embeddable":true,"href":"https:\/\/alassilparfum.com\/fr\/wp-json\/wp\/v2\/comments?post=1536"}],"wp:featuredmedia":[{"embeddable":true,"href":"https:\/\/alassilparfum.com\/fr\/wp-json\/wp\/v2\/media\/2079"}],"wp:attachment":[{"href":"https:\/\/alassilparfum.com\/fr\/wp-json\/wp\/v2\/media?parent=1536"}],"wp:term":[{"taxonomy":"product_cat","embeddable":true,"href":"https:\/\/alassilparfum.com\/fr\/wp-json\/wp\/v2\/product_cat?post=1536"},{"taxonomy":"product_tag","embeddable":true,"href":"https:\/\/alassilparfum.com\/fr\/wp-json\/wp\/v2\/product_tag?post=1536"},{"taxonomy":"brand","embeddable":true,"href":"https:\/\/alassilparfum.com\/fr\/wp-json\/wp\/v2\/brand?post=1536"},{"taxonomy":"note","embeddable":true,"href":"https:\/\/alassilparfum.com\/fr\/wp-json\/wp\/v2\/note?post=1536"},{"taxonomy":"usage","embeddable":true,"href":"https:\/\/alassilparfum.com\/fr\/wp-json\/wp\/v2\/usage?post=1536"},{"taxonomy":"season","embeddable":true,"href":"https:\/\/alassilparfum.com\/fr\/wp-json\/wp\/v2\/season?post=1536"}],"curies":[{"name":"wp","href":"https:\/\/api.w.org\/{rel}","templated":true}]}}