{"id":1537,"date":"2025-05-18T07:25:59","date_gmt":"2025-05-18T07:25:59","guid":{"rendered":"https:\/\/alassilparfum.com\/product\/alassil-077\/"},"modified":"2026-02-17T13:39:50","modified_gmt":"2026-02-17T13:39:50","slug":"alassil-077","status":"publish","type":"product","link":"https:\/\/alassilparfum.com\/fr\/product\/alassil-077\/","title":{"rendered":"<span class='brand-text'>Evoque  Caron pour un homme  de  CARON<\/span> - ALASSIL-077"},"content":{"rendered":"<h2>Une essence de sophistication<\/h2>\n<p>Offrez-vous une exp\u00e9rience olfactive unique avec notre dupe de parfum Caron sp\u00e9cialement con\u00e7u pour les hommes. Ce parfum incarne la sophistication et le charisme, imitant \u00e0 la perfection l&rsquo;original tout en offrant un rapport qualit\u00e9-prix imbattable. Son essence envo\u00fbtante vous permettra de vous d\u00e9marquer, que vous soyez au travail ou lors de vos sorties nocturnes.<\/p>\n<h2>Profiter de chaque saison<\/h2>\n<p>Ce dupe de parfum est id\u00e9al pour le printemps et l&rsquo;automne. Les notes fra\u00eeches et \u00e9pic\u00e9es se marient parfaitement avec l&rsquo;air doux de ces saisons, apportant une touche de fra\u00eecheur revigorante tout en restant subtil. Son aura s\u00e9duisante le rend parfait pour les rendez-vous, les \u00e9v\u00e9nements d\u00e9contract\u00e9s ou les occasions sp\u00e9ciales.<\/p>\n<h2>Plong\u00e9e dans la composition olfactive<\/h2>\n<p>Ce dupe de parfum Caron pour homme appartient \u00e0 la famille olfactive orientale bois\u00e9e. Les notes de t\u00eate se composent d&rsquo;une explosion d&rsquo;agrumes, avec des nuances de bergamote et de citron qui \u00e9veillent les sens. En c\u0153ur, vous d\u00e9couvrirez des accords d\u00e9licats de jasmin et de cumin, ajoutant une dimension de chaleur et d&rsquo;\u00e9l\u00e9gance. Enfin, les notes de fond, avec du bois de c\u00e8dre et de musc, laissent un sillage riche et m\u00e9morable.<\/p>\n<p>Faites le choix de ce dupe de parfum Caron et entrez dans un monde d&rsquo;\u00e9l\u00e9gance et de charme. Ce parfum vous accompagnera dans chaque moment de votre vie quotidienne, vous conf\u00e9rant ainsi une aura irr\u00e9sistible.<\/p>\n","protected":false},"excerpt":{"rendered":"<p>Une essence de sophistication Offrez-vous une exp\u00e9rience olfactive unique avec notre dupe de parfum Caron sp\u00e9cialement con\u00e7u pour les hommes. Ce parfum incarne la sophistication et le charisme, imitant \u00e0 la perfection l&rsquo;original tout en offrant un rapport qualit\u00e9-prix imbattable. Son essence envo\u00fbtante vous permettra de vous d\u00e9marquer, que vous soyez au travail ou lors&hellip;<\/p>\n","protected":false},"featured_media":2083,"comment_status":"open","ping_status":"closed","template":"","meta":[],"product_cat":[17],"product_tag":[],"brand":[609,610],"note":[156,231,203,157,146,420,229,145],"usage":[611],"season":[223,221],"class_list":{"0":"post-1537","1":"product","2":"type-product","3":"status-publish","4":"has-post-thumbnail","6":"product_cat-homme","7":"brand-caron","8":"brand-caron-pour-un-homme","9":"note-bergamote","10":"note-boisee","11":"note-cedre","12":"note-citron","13":"note-coeur","14":"note-epices","15":"note-fougere","16":"note-tete","17":"usage-long-de-la-journee","18":"season-lautomne","19":"season-printemps","21":"first","22":"instock","23":"taxable","24":"shipping-taxable","25":"purchasable","26":"product-type-variable"},"_links":{"self":[{"href":"https:\/\/alassilparfum.com\/fr\/wp-json\/wp\/v2\/product\/1537","targetHints":{"allow":["GET"]}}],"collection":[{"href":"https:\/\/alassilparfum.com\/fr\/wp-json\/wp\/v2\/product"}],"about":[{"href":"https:\/\/alassilparfum.com\/fr\/wp-json\/wp\/v2\/types\/product"}],"replies":[{"embeddable":true,"href":"https:\/\/alassilparfum.com\/fr\/wp-json\/wp\/v2\/comments?post=1537"}],"wp:featuredmedia":[{"embeddable":true,"href":"https:\/\/alassilparfum.com\/fr\/wp-json\/wp\/v2\/media\/2083"}],"wp:attachment":[{"href":"https:\/\/alassilparfum.com\/fr\/wp-json\/wp\/v2\/media?parent=1537"}],"wp:term":[{"taxonomy":"product_cat","embeddable":true,"href":"https:\/\/alassilparfum.com\/fr\/wp-json\/wp\/v2\/product_cat?post=1537"},{"taxonomy":"product_tag","embeddable":true,"href":"https:\/\/alassilparfum.com\/fr\/wp-json\/wp\/v2\/product_tag?post=1537"},{"taxonomy":"brand","embeddable":true,"href":"https:\/\/alassilparfum.com\/fr\/wp-json\/wp\/v2\/brand?post=1537"},{"taxonomy":"note","embeddable":true,"href":"https:\/\/alassilparfum.com\/fr\/wp-json\/wp\/v2\/note?post=1537"},{"taxonomy":"usage","embeddable":true,"href":"https:\/\/alassilparfum.com\/fr\/wp-json\/wp\/v2\/usage?post=1537"},{"taxonomy":"season","embeddable":true,"href":"https:\/\/alassilparfum.com\/fr\/wp-json\/wp\/v2\/season?post=1537"}],"curies":[{"name":"wp","href":"https:\/\/api.w.org\/{rel}","templated":true}]}}