{"id":1549,"date":"2025-05-18T07:26:02","date_gmt":"2025-05-18T07:26:02","guid":{"rendered":"https:\/\/alassilparfum.com\/product\/alassil-089\/"},"modified":"2026-02-17T15:11:54","modified_gmt":"2026-02-17T15:11:54","slug":"alassil-089","status":"publish","type":"product","link":"https:\/\/alassilparfum.com\/fr\/product\/alassil-089\/","title":{"rendered":"<span class='brand-text'>Evoque  The Only One Intense  de  DOLCE &amp; GABBANA<\/span> - ALASSIL-089"},"content":{"rendered":"<h2>Un parfum inspir\u00e9 de l&rsquo;excellence<\/h2>\n<p>D\u00e9couvrez ALASSIL-089, une cr\u00e9ation olfactive \u00e9l\u00e9gante et captivante, inspir\u00e9e de l&rsquo;un des parfums embl\u00e9matiques, The Only One Intense de Dolce&amp;Gabbana. Ce parfum exceptionnel incarne la sophistication et l&rsquo;intensit\u00e9 dans une harmonie parfaite, con\u00e7u pour ceux qui cherchent \u00e0 exprimer leur unicit\u00e9 et leur audace.<\/p>\n<h2>Notes olfactives raffin\u00e9es<\/h2>\n<p>ALASSIL-089 offre une composition riche et \u00e9quilibr\u00e9e qui s\u00e9duit les sens. D\u00e9lectez-vous des notes de t\u00eate vivifiantes et fruit\u00e9es, suivies par un c\u0153ur floral voluptueux. Enfin, des notes de fond chaudes et bois\u00e9es ajoutent une profondeur irr\u00e9sistible \u00e0 ce parfum, vous enveloppant d&rsquo;une aura magn\u00e9tique et envo\u00fbtante.<\/p>\n<h2>Le choix parfait pour chaque occasion<\/h2>\n<p>Id\u00e9al pour toutes les occasions, que ce soit une soir\u00e9e sp\u00e9ciale ou au quotidien, ALASSIL-089 refl\u00e8te parfaitement une personnalit\u00e9 forte et \u00e9l\u00e9gante. Son sillage puissant, mais \u00e9quilibr\u00e9, laisse une impression durable et affirme votre pr\u00e9sence avec \u00e9l\u00e9gance et assurance.<\/p>\n","protected":false},"excerpt":{"rendered":"<p>Un parfum inspir\u00e9 de l&rsquo;excellence D\u00e9couvrez ALASSIL-089, une cr\u00e9ation olfactive \u00e9l\u00e9gante et captivante, inspir\u00e9e de l&rsquo;un des parfums embl\u00e9matiques, The Only One Intense de Dolce&amp;Gabbana. Ce parfum exceptionnel incarne la sophistication et l&rsquo;intensit\u00e9 dans une harmonie parfaite, con\u00e7u pour ceux qui cherchent \u00e0 exprimer leur unicit\u00e9 et leur audace. Notes olfactives raffin\u00e9es ALASSIL-089 offre une&hellip;<\/p>\n","protected":false},"featured_media":2074,"comment_status":"open","ping_status":"closed","template":"","meta":[],"product_cat":[16],"product_tag":[],"brand":[612,645],"note":[],"usage":[],"season":[],"class_list":{"0":"post-1549","1":"product","2":"type-product","3":"status-publish","4":"has-post-thumbnail","6":"product_cat-femme","7":"brand-dolce-gabbana","8":"brand-the-only-one-intense","10":"first","11":"instock","12":"taxable","13":"shipping-taxable","14":"purchasable","15":"product-type-variable"},"_links":{"self":[{"href":"https:\/\/alassilparfum.com\/fr\/wp-json\/wp\/v2\/product\/1549","targetHints":{"allow":["GET"]}}],"collection":[{"href":"https:\/\/alassilparfum.com\/fr\/wp-json\/wp\/v2\/product"}],"about":[{"href":"https:\/\/alassilparfum.com\/fr\/wp-json\/wp\/v2\/types\/product"}],"replies":[{"embeddable":true,"href":"https:\/\/alassilparfum.com\/fr\/wp-json\/wp\/v2\/comments?post=1549"}],"wp:featuredmedia":[{"embeddable":true,"href":"https:\/\/alassilparfum.com\/fr\/wp-json\/wp\/v2\/media\/2074"}],"wp:attachment":[{"href":"https:\/\/alassilparfum.com\/fr\/wp-json\/wp\/v2\/media?parent=1549"}],"wp:term":[{"taxonomy":"product_cat","embeddable":true,"href":"https:\/\/alassilparfum.com\/fr\/wp-json\/wp\/v2\/product_cat?post=1549"},{"taxonomy":"product_tag","embeddable":true,"href":"https:\/\/alassilparfum.com\/fr\/wp-json\/wp\/v2\/product_tag?post=1549"},{"taxonomy":"brand","embeddable":true,"href":"https:\/\/alassilparfum.com\/fr\/wp-json\/wp\/v2\/brand?post=1549"},{"taxonomy":"note","embeddable":true,"href":"https:\/\/alassilparfum.com\/fr\/wp-json\/wp\/v2\/note?post=1549"},{"taxonomy":"usage","embeddable":true,"href":"https:\/\/alassilparfum.com\/fr\/wp-json\/wp\/v2\/usage?post=1549"},{"taxonomy":"season","embeddable":true,"href":"https:\/\/alassilparfum.com\/fr\/wp-json\/wp\/v2\/season?post=1549"}],"curies":[{"name":"wp","href":"https:\/\/api.w.org\/{rel}","templated":true}]}}