{"id":1574,"date":"2025-05-18T07:26:08","date_gmt":"2025-05-18T07:26:08","guid":{"rendered":"https:\/\/alassilparfum.com\/product\/alassil-114\/"},"modified":"2026-02-13T16:35:07","modified_gmt":"2026-02-13T16:35:07","slug":"alassil-114","status":"publish","type":"product","link":"https:\/\/alassilparfum.com\/fr\/product\/alassil-114\/","title":{"rendered":"<span class='brand-text'>Evoque    de  BACCARAT ROUGE 540<\/span> - ALASSIL-114"},"content":{"rendered":"<h2>Une alternative luxueuse et \u00e9l\u00e9gante<\/h2>\n<p>D\u00e9couvrez ALASSIL-114, un parfum qui incarne l&rsquo;essence du raffinement et de la sophistication. Inspir\u00e9 par le c\u00e9l\u00e8bre Baccarat Rouge 540, il offre une touche de luxe \u00e0 un prix accessible. Id\u00e9al pour ceux et celles recherchant une signature olfactive diff\u00e9rente sans compromis sur la qualit\u00e9, ce parfum saura s\u00e9duire avec son allure intemporelle.<\/p>\n<h2>Un sillage envo\u00fbtant et m\u00e9morable<\/h2>\n<p>ALASSIL-114 se distingue par son bouquet captivant. Ses notes olfactives marient la douceur a\u00e9rienne du jasmin et la profondeur ambr\u00e9e du bois de c\u00e8dre, rehauss\u00e9es par des nuances gourmandes de safran et une chaleur subtilement sucr\u00e9e. Ce parfum exalte une impression velout\u00e9e et rayonne une sophistication qui rappelle son inspiration originale. Sa formule soigneusement \u00e9labor\u00e9e garantit un \u00e9quilibre parfait entre intensit\u00e9 et l\u00e9g\u00e8ret\u00e9, id\u00e9al pour toutes les occasions.<\/p>\n<h2>Tenue longue et impact durable<\/h2>\n<p>Un v\u00e9ritable atout d\u2019ALASSIL-114 r\u00e9side dans sa tenue exceptionnelle. Con\u00e7ue pour durer du matin jusqu\u2019au soir, cette fragrance laisse une empreinte olfactive persistante et s\u00e9duisante. Sa texture \u00e9l\u00e9gante fait de lui un choix fiable pour tous ceux qui souhaitent marquer leur style avec discr\u00e9tion et assurance. Il se pr\u00e9sente comme une solution parfaite pour les amateurs de haute parfumerie \u00e0 la recherche d\u2019une alternative plus accessible sans se priver de la magie du prestigieux Baccarat Rouge 540.<\/p>\n","protected":false},"excerpt":{"rendered":"<p>Une alternative luxueuse et \u00e9l\u00e9gante D\u00e9couvrez ALASSIL-114, un parfum qui incarne l&rsquo;essence du raffinement et de la sophistication. Inspir\u00e9 par le c\u00e9l\u00e8bre Baccarat Rouge 540, il offre une touche de luxe \u00e0 un prix accessible. Id\u00e9al pour ceux et celles recherchant une signature olfactive diff\u00e9rente sans compromis sur la qualit\u00e9, ce parfum saura s\u00e9duire avec&hellip;<\/p>\n","protected":false},"featured_media":2081,"comment_status":"open","ping_status":"closed","template":"","meta":[],"product_cat":[16,17,225],"product_tag":[],"brand":[637],"note":[],"usage":[],"season":[],"class_list":{"0":"post-1574","1":"product","2":"type-product","3":"status-publish","4":"has-post-thumbnail","6":"product_cat-femme","7":"product_cat-homme","8":"product_cat-unisex-2","9":"brand-baccarat-rouge-540","11":"first","12":"instock","13":"taxable","14":"shipping-taxable","15":"purchasable","16":"product-type-variable"},"_links":{"self":[{"href":"https:\/\/alassilparfum.com\/fr\/wp-json\/wp\/v2\/product\/1574","targetHints":{"allow":["GET"]}}],"collection":[{"href":"https:\/\/alassilparfum.com\/fr\/wp-json\/wp\/v2\/product"}],"about":[{"href":"https:\/\/alassilparfum.com\/fr\/wp-json\/wp\/v2\/types\/product"}],"replies":[{"embeddable":true,"href":"https:\/\/alassilparfum.com\/fr\/wp-json\/wp\/v2\/comments?post=1574"}],"wp:featuredmedia":[{"embeddable":true,"href":"https:\/\/alassilparfum.com\/fr\/wp-json\/wp\/v2\/media\/2081"}],"wp:attachment":[{"href":"https:\/\/alassilparfum.com\/fr\/wp-json\/wp\/v2\/media?parent=1574"}],"wp:term":[{"taxonomy":"product_cat","embeddable":true,"href":"https:\/\/alassilparfum.com\/fr\/wp-json\/wp\/v2\/product_cat?post=1574"},{"taxonomy":"product_tag","embeddable":true,"href":"https:\/\/alassilparfum.com\/fr\/wp-json\/wp\/v2\/product_tag?post=1574"},{"taxonomy":"brand","embeddable":true,"href":"https:\/\/alassilparfum.com\/fr\/wp-json\/wp\/v2\/brand?post=1574"},{"taxonomy":"note","embeddable":true,"href":"https:\/\/alassilparfum.com\/fr\/wp-json\/wp\/v2\/note?post=1574"},{"taxonomy":"usage","embeddable":true,"href":"https:\/\/alassilparfum.com\/fr\/wp-json\/wp\/v2\/usage?post=1574"},{"taxonomy":"season","embeddable":true,"href":"https:\/\/alassilparfum.com\/fr\/wp-json\/wp\/v2\/season?post=1574"}],"curies":[{"name":"wp","href":"https:\/\/api.w.org\/{rel}","templated":true}]}}