{"id":1603,"date":"2025-05-18T07:26:15","date_gmt":"2025-05-18T07:26:15","guid":{"rendered":"https:\/\/alassilparfum.com\/product\/alassil-143\/"},"modified":"2025-11-27T10:28:19","modified_gmt":"2025-11-27T10:28:19","slug":"alassil-143","status":"publish","type":"product","link":"https:\/\/alassilparfum.com\/fr\/product\/alassil-143\/","title":{"rendered":"<span class='brand-text'>Evoque  SANTAL ROYAL  de  GUERLAIN<\/span> - ALASSIL-143"},"content":{"rendered":"<h2>Un hommage au luxe et \u00e0 la sophistication<\/h2>\n<p>Santal Royal de Guerlain est une fragrance embl\u00e9matique, appr\u00e9ci\u00e9e pour son m\u00e9lange captivant de bois pr\u00e9cieux, de notes florales et d\u2019un voile d\u2019\u00e9l\u00e9gance orientale. Pour les amateurs de parfums qui recherchent une alternative abordable sans sacrifier la qualit\u00e9 ou la complexit\u00e9, ce dupe propose une exp\u00e9rience olfactive qui honore pleinement l\u2019essence unique de ce chef-d\u2019\u0153uvre.<\/p>\n<h2>Une composition magnifiquement \u00e9quilibr\u00e9e<\/h2>\n<p>Le dupe de Santal Royal recr\u00e9e une harmonie parfaite gr\u00e2ce \u00e0 des notes bois\u00e9es profondes, notamment le bois de santal en tant que protagoniste, mari\u00e9 \u00e0 des touches suaves de rose et de jasmin. L\u2019ajout de nuances ambr\u00e9es et musqu\u00e9es renforce sa chaleur, tandis que les accents orientaux offrent une longue tenue et une aura myst\u00e9rieuse. Cette composition est id\u00e9ale pour les personnes recherchant une signature olfactive raffin\u00e9e et intemporelle \u00e0 un prix accessible.<\/p>\n<h2>Pourquoi choisir ce dupe ?<\/h2>\n<p>Chercher une alternative au Santal Royal implique de conserver l\u2019essence luxueuse tout en b\u00e9n\u00e9ficiant d\u2019un excellent rapport qualit\u00e9-prix. Ce dupe vous permet d\u2019exp\u00e9rimenter une fragrance sophistiqu\u00e9e, id\u00e9ale pour les grandes occasions ou pour succomber \u00e0 une exp\u00e9rience olfactive quotidienne exceptionnelle. En associant \u00e9l\u00e9gance et confort, ce produit constitue une option parfaite pour ceux qui admirent les parfums Guerlain mais souhaitent varier leur collection ou tester une version \u00e9conomique.<\/p>\n","protected":false},"excerpt":{"rendered":"<p>Un hommage au luxe et \u00e0 la sophistication Santal Royal de Guerlain est une fragrance embl\u00e9matique, appr\u00e9ci\u00e9e pour son m\u00e9lange captivant de bois pr\u00e9cieux, de notes florales et d\u2019un voile d\u2019\u00e9l\u00e9gance orientale. Pour les amateurs de parfums qui recherchent une alternative abordable sans sacrifier la qualit\u00e9 ou la complexit\u00e9, ce dupe propose une exp\u00e9rience olfactive&hellip;<\/p>\n","protected":false},"featured_media":2011,"comment_status":"open","ping_status":"closed","template":"","meta":[],"product_cat":[17,225],"product_tag":[],"brand":[627,628],"note":[147],"usage":[629,406,407],"season":[223,224],"class_list":{"0":"post-1603","1":"product","2":"type-product","3":"status-publish","4":"has-post-thumbnail","6":"product_cat-homme","7":"product_cat-unisex-2","8":"brand-guerlain","9":"brand-santal-royal","10":"note-base","11":"usage-diner","12":"usage-les-occasions-speciales","13":"usage-soirees","14":"season-lautomne","15":"season-lhiver","17":"first","18":"instock","19":"taxable","20":"shipping-taxable","21":"purchasable","22":"product-type-variable"},"_links":{"self":[{"href":"https:\/\/alassilparfum.com\/fr\/wp-json\/wp\/v2\/product\/1603","targetHints":{"allow":["GET"]}}],"collection":[{"href":"https:\/\/alassilparfum.com\/fr\/wp-json\/wp\/v2\/product"}],"about":[{"href":"https:\/\/alassilparfum.com\/fr\/wp-json\/wp\/v2\/types\/product"}],"replies":[{"embeddable":true,"href":"https:\/\/alassilparfum.com\/fr\/wp-json\/wp\/v2\/comments?post=1603"}],"wp:featuredmedia":[{"embeddable":true,"href":"https:\/\/alassilparfum.com\/fr\/wp-json\/wp\/v2\/media\/2011"}],"wp:attachment":[{"href":"https:\/\/alassilparfum.com\/fr\/wp-json\/wp\/v2\/media?parent=1603"}],"wp:term":[{"taxonomy":"product_cat","embeddable":true,"href":"https:\/\/alassilparfum.com\/fr\/wp-json\/wp\/v2\/product_cat?post=1603"},{"taxonomy":"product_tag","embeddable":true,"href":"https:\/\/alassilparfum.com\/fr\/wp-json\/wp\/v2\/product_tag?post=1603"},{"taxonomy":"brand","embeddable":true,"href":"https:\/\/alassilparfum.com\/fr\/wp-json\/wp\/v2\/brand?post=1603"},{"taxonomy":"note","embeddable":true,"href":"https:\/\/alassilparfum.com\/fr\/wp-json\/wp\/v2\/note?post=1603"},{"taxonomy":"usage","embeddable":true,"href":"https:\/\/alassilparfum.com\/fr\/wp-json\/wp\/v2\/usage?post=1603"},{"taxonomy":"season","embeddable":true,"href":"https:\/\/alassilparfum.com\/fr\/wp-json\/wp\/v2\/season?post=1603"}],"curies":[{"name":"wp","href":"https:\/\/api.w.org\/{rel}","templated":true}]}}