{"id":1647,"date":"2025-05-18T07:26:25","date_gmt":"2025-05-18T07:26:25","guid":{"rendered":"https:\/\/alassilparfum.com\/product\/alassil-189\/"},"modified":"2026-04-02T15:27:41","modified_gmt":"2026-04-02T15:27:41","slug":"alassil-189","status":"publish","type":"product","link":"https:\/\/alassilparfum.com\/fr\/product\/alassil-189\/","title":{"rendered":"ALASSIL-189"},"content":{"rendered":"<h2>S\u00e9duction et \u00e9l\u00e9gance incarn\u00e9es<\/h2>\n<p>D\u00e9couvrez un parfum d&rsquo;exception, inspir\u00e9 de l&rsquo;iconique Le Beau Le Parfum de Jean Paul Gaultier. M\u00ealant raffinement et audace, cette fragrance est une v\u00e9ritable ode \u00e0 la sensualit\u00e9 et au charisme. Con\u00e7u pour les amateurs de luxe, ce parfum de haute qualit\u00e9 ne laissera personne indiff\u00e9rent. Avec sa composition riche et hypnotique, il s&rsquo;impose comme un incontournable pour sublimer votre pr\u00e9sence.<\/p>\n<h2>Des notes olfactives irr\u00e9sistibles<\/h2>\n<p>Offrant une exp\u00e9rience multi-sensorielle, ce parfum vous envo\u00fbte \u00e0 travers chaque \u00e9tape de son sillage. En t\u00eate, explorez un m\u00e9lange frais et vibrant o\u00f9 se rencontrent la bergamote et des effluves subtilement sucr\u00e9s. En son c\u0153ur, laissez-vous envelopper par des notes soigneusement \u00e9quilibr\u00e9es de f\u00e8ve tonka et de coco, qui apportent chaleur et profondeur. Enfin, la base r\u00e9v\u00e8le une combinaison bois\u00e9e d\u2019ambre et de santal, pour une empreinte durable et captivante.<\/p>\n<h2>Un parfum pour chaque saison et occasion<\/h2>\n<p>Polyvalent et sophistiqu\u00e9, ce parfum s&rsquo;adapte \u00e0 toutes les saisons. Son harmonie olfactive lui permet de briller autant lors des chauds jours d&rsquo;\u00e9t\u00e9 que pendant les soir\u00e9es d\u2019hiver enveloppantes. Que ce soit pour un rendez-vous romantique, une soir\u00e9e mondaine, ou simplement pour ajouter une touche de luxe au quotidien, ce parfum est l&rsquo;accessoire parfait pour exprimer votre personnalit\u00e9 avec style.<\/p>\n<p>Puisant son inspiration dans l\u2019univers de Le Beau Le Parfum, cette cr\u00e9ation moderne incarne la quintessence du glamour et de l&rsquo;authenticit\u00e9. Offrez-vous ou offrez ce tr\u00e9sor olfactif et faites vibrer vos sens.<\/p>\n","protected":false},"excerpt":{"rendered":"<p>S\u00e9duction et \u00e9l\u00e9gance incarn\u00e9es D\u00e9couvrez un parfum d&rsquo;exception, inspir\u00e9 de l&rsquo;iconique Le Beau Le Parfum de Jean Paul Gaultier. M\u00ealant raffinement et audace, cette fragrance est une v\u00e9ritable ode \u00e0 la sensualit\u00e9 et au charisme. Con\u00e7u pour les amateurs de luxe, ce parfum de haute qualit\u00e9 ne laissera personne indiff\u00e9rent. Avec sa composition riche et&hellip;<\/p>\n","protected":false},"featured_media":2187,"comment_status":"open","ping_status":"closed","template":"","meta":[],"product_cat":[17],"product_tag":[],"brand":[],"note":[],"usage":[],"season":[],"class_list":{"0":"post-1647","1":"product","2":"type-product","3":"status-publish","4":"has-post-thumbnail","6":"product_cat-homme","8":"first","9":"instock","10":"taxable","11":"shipping-taxable","12":"product-type-variable"},"_links":{"self":[{"href":"https:\/\/alassilparfum.com\/fr\/wp-json\/wp\/v2\/product\/1647","targetHints":{"allow":["GET"]}}],"collection":[{"href":"https:\/\/alassilparfum.com\/fr\/wp-json\/wp\/v2\/product"}],"about":[{"href":"https:\/\/alassilparfum.com\/fr\/wp-json\/wp\/v2\/types\/product"}],"replies":[{"embeddable":true,"href":"https:\/\/alassilparfum.com\/fr\/wp-json\/wp\/v2\/comments?post=1647"}],"wp:featuredmedia":[{"embeddable":true,"href":"https:\/\/alassilparfum.com\/fr\/wp-json\/wp\/v2\/media\/2187"}],"wp:attachment":[{"href":"https:\/\/alassilparfum.com\/fr\/wp-json\/wp\/v2\/media?parent=1647"}],"wp:term":[{"taxonomy":"product_cat","embeddable":true,"href":"https:\/\/alassilparfum.com\/fr\/wp-json\/wp\/v2\/product_cat?post=1647"},{"taxonomy":"product_tag","embeddable":true,"href":"https:\/\/alassilparfum.com\/fr\/wp-json\/wp\/v2\/product_tag?post=1647"},{"taxonomy":"brand","embeddable":true,"href":"https:\/\/alassilparfum.com\/fr\/wp-json\/wp\/v2\/brand?post=1647"},{"taxonomy":"note","embeddable":true,"href":"https:\/\/alassilparfum.com\/fr\/wp-json\/wp\/v2\/note?post=1647"},{"taxonomy":"usage","embeddable":true,"href":"https:\/\/alassilparfum.com\/fr\/wp-json\/wp\/v2\/usage?post=1647"},{"taxonomy":"season","embeddable":true,"href":"https:\/\/alassilparfum.com\/fr\/wp-json\/wp\/v2\/season?post=1647"}],"curies":[{"name":"wp","href":"https:\/\/api.w.org\/{rel}","templated":true}]}}