{"id":1706,"date":"2025-05-18T07:26:40","date_gmt":"2025-05-18T07:26:40","guid":{"rendered":"https:\/\/alassilparfum.com\/product\/alassil-248\/"},"modified":"2026-02-17T15:32:56","modified_gmt":"2026-02-17T15:32:56","slug":"alassil-248","status":"publish","type":"product","link":"https:\/\/alassilparfum.com\/fr\/product\/alassil-248\/","title":{"rendered":"<span class='brand-text'>Evoque  One Million Priv\u00e9  de  PACO RABANNE<\/span> - ALASSIL-248"},"content":{"rendered":"<h2>Introduction : Une alternative de luxe et \u00e9l\u00e9gance accessible<\/h2>\n<p>Le parfum ALASSIL-248 est bien plus qu&rsquo;une fragrance ; c&rsquo;est la parfaite union entre sophistication et accessibilit\u00e9. Inspir\u00e9 par l&rsquo;iconique One Million Priv\u00e9, il incarne l&rsquo;excellence \u00e0 travers une formule raffin\u00e9e et pens\u00e9e pour envelopper votre quotidien de luxe discret. Que vous cherchiez \u00e0 vous d\u00e9marquer ou \u00e0 compl\u00e9ter votre signature olfactive, ALASSIL-248 est votre choix id\u00e9al pour afficher \u00e9l\u00e9gance et distinction.<\/p>\n<h2>Le Sillage : Des notes olfactives envo\u00fbtantes et harmonieuses<\/h2>\n<p>ALASSIL-248 reprend avec audace les codes olfactifs de son inspiration originale. Sa composition riche d\u00e9marre sur des notes vibrantes de mandarine et de cannelle, offrant une ouverture chaleureuse et captivante. Elle \u00e9volue ensuite vers un c\u0153ur subtil m\u00ealant tabac enivrant et myrrhe pr\u00e9cieuse, renfor\u00e7ant son caract\u00e8re profond et myst\u00e9rieux. Enfin, une base suave de f\u00e8ve tonka et patchouli vient apporter une touche d&rsquo;onctuosit\u00e9 qui persiste tout au long de la journ\u00e9e. Ce parfum enveloppant vous accompagnera dans une v\u00e9ritable exp\u00e9rience sensorielle.<\/p>\n<h2>L&rsquo;Argument : Une tenue longue dur\u00e9e et une qualit\u00e9 incomparable<\/h2>\n<p>En plus de son sillage envo\u00fbtant, ALASSIL-248 se distingue par sa performance exceptionnelle. Con\u00e7u pour offrir une tenue longue dur\u00e9e, ce parfum reste fid\u00e8le \u00e0 votre peau du matin au soir. Fabriqu\u00e9 avec des ingr\u00e9dients de haute qualit\u00e9 et selon des normes rigoureuses, il offre une alternative luxueuse sans compromis, \u00e0 un prix accessible. Parfait pour les connaisseurs et amateurs de fragrances raffin\u00e9es, ALASSIL-248 s&rsquo;impose comme un incontournable de votre collection.<\/p>\n","protected":false},"excerpt":{"rendered":"<p>Introduction : Une alternative de luxe et \u00e9l\u00e9gance accessible Le parfum ALASSIL-248 est bien plus qu&rsquo;une fragrance ; c&rsquo;est la parfaite union entre sophistication et accessibilit\u00e9. Inspir\u00e9 par l&rsquo;iconique One Million Priv\u00e9, il incarne l&rsquo;excellence \u00e0 travers une formule raffin\u00e9e et pens\u00e9e pour envelopper votre quotidien de luxe discret. Que vous cherchiez \u00e0 vous d\u00e9marquer&hellip;<\/p>\n","protected":false},"featured_media":2105,"comment_status":"open","ping_status":"closed","template":"","meta":[],"product_cat":[17],"product_tag":[],"brand":[650,646],"note":[],"usage":[],"season":[],"class_list":{"0":"post-1706","1":"product","2":"type-product","3":"status-publish","4":"has-post-thumbnail","6":"product_cat-homme","7":"brand-one-million-prive","8":"brand-paco-rabanne","10":"first","11":"instock","12":"taxable","13":"shipping-taxable","14":"purchasable","15":"product-type-variable"},"_links":{"self":[{"href":"https:\/\/alassilparfum.com\/fr\/wp-json\/wp\/v2\/product\/1706","targetHints":{"allow":["GET"]}}],"collection":[{"href":"https:\/\/alassilparfum.com\/fr\/wp-json\/wp\/v2\/product"}],"about":[{"href":"https:\/\/alassilparfum.com\/fr\/wp-json\/wp\/v2\/types\/product"}],"replies":[{"embeddable":true,"href":"https:\/\/alassilparfum.com\/fr\/wp-json\/wp\/v2\/comments?post=1706"}],"wp:featuredmedia":[{"embeddable":true,"href":"https:\/\/alassilparfum.com\/fr\/wp-json\/wp\/v2\/media\/2105"}],"wp:attachment":[{"href":"https:\/\/alassilparfum.com\/fr\/wp-json\/wp\/v2\/media?parent=1706"}],"wp:term":[{"taxonomy":"product_cat","embeddable":true,"href":"https:\/\/alassilparfum.com\/fr\/wp-json\/wp\/v2\/product_cat?post=1706"},{"taxonomy":"product_tag","embeddable":true,"href":"https:\/\/alassilparfum.com\/fr\/wp-json\/wp\/v2\/product_tag?post=1706"},{"taxonomy":"brand","embeddable":true,"href":"https:\/\/alassilparfum.com\/fr\/wp-json\/wp\/v2\/brand?post=1706"},{"taxonomy":"note","embeddable":true,"href":"https:\/\/alassilparfum.com\/fr\/wp-json\/wp\/v2\/note?post=1706"},{"taxonomy":"usage","embeddable":true,"href":"https:\/\/alassilparfum.com\/fr\/wp-json\/wp\/v2\/usage?post=1706"},{"taxonomy":"season","embeddable":true,"href":"https:\/\/alassilparfum.com\/fr\/wp-json\/wp\/v2\/season?post=1706"}],"curies":[{"name":"wp","href":"https:\/\/api.w.org\/{rel}","templated":true}]}}