{"id":1713,"date":"2025-05-18T07:26:42","date_gmt":"2025-05-18T07:26:42","guid":{"rendered":"https:\/\/alassilparfum.com\/product\/alassil-255\/"},"modified":"2026-02-17T15:24:15","modified_gmt":"2026-02-17T15:24:15","slug":"alassil-255","status":"publish","type":"product","link":"https:\/\/alassilparfum.com\/fr\/product\/alassil-255\/","title":{"rendered":"<span class='brand-text'>Evoque  One Million Elixir  de  PACO RABANNE<\/span> - ALASSIL-255"},"content":{"rendered":"<h2>Introduction : Une touche de luxe accessible<\/h2>\n<p>Le parfum ALASSIL-255 refl\u00e8te l&rsquo;essence m\u00eame du raffinement et de l&rsquo;\u00e9l\u00e9gance dans une formule accessible. Inspir\u00e9 du tr\u00e8s c\u00e9l\u00e8bre One Million Elixir de Paco Rabanne, ce parfum offre une alternative sophistiqu\u00e9e et premium sans compromis. Con\u00e7u pour ceux qui recherchent une exp\u00e9rience olfactive unique et intemporelle, ALASSIL-255 est parfait pour incarner un style affirm\u00e9 et une personnalit\u00e9 s\u00e9duisante.<\/p>\n<h2>Le Sillage : Une composition envo\u00fbtante<\/h2>\n<p>ALASSIL-255 s&rsquo;ouvre sur une note \u00e9clatante et enveloppante. Sa pyramide olfactive d\u00e9bute avec des facettes sucr\u00e9es et fruit\u00e9es, suivies par un c\u0153ur floral captivant o\u00f9 dominent la rose et le jasmin. Le fond, quant \u00e0 lui, r\u00e9v\u00e8le des accords bois\u00e9s et ambr\u00e9s, enrichis de touches exotiques de vanille et de patchouli. Fid\u00e8le \u00e0 l&rsquo;inspiration originale de One Million Elixir, cette fragrance laisse un sillage puissant et myst\u00e9rieux, con\u00e7u pour attirer l&rsquo;attention et captiver l&rsquo;esprit.<\/p>\n<h2>L&rsquo;Argument : \u00c9l\u00e9gance et tenue longue dur\u00e9e<\/h2>\n<p>Ce parfum haut de gamme se distingue par sa longue tenue, id\u00e9ale pour accompagner vos journ\u00e9es intenses ou vos soir\u00e9es m\u00e9morables. ALASSIL-255 est bien plus qu&rsquo;un simple parfum\u2009: c&rsquo;est une v\u00e9ritable d\u00e9claration de style, \u00e0 un prix accessible qui d\u00e9fie les normes du march\u00e9 de la parfumerie. Faites le choix d&rsquo;une fragrance qui allie sophistication et qualit\u00e9 exceptionnelle, tout en vous permettant de vous d\u00e9marquer avec \u00e9l\u00e9gance.<\/p>\n","protected":false},"excerpt":{"rendered":"<p>Introduction : Une touche de luxe accessible Le parfum ALASSIL-255 refl\u00e8te l&rsquo;essence m\u00eame du raffinement et de l&rsquo;\u00e9l\u00e9gance dans une formule accessible. Inspir\u00e9 du tr\u00e8s c\u00e9l\u00e8bre One Million Elixir de Paco Rabanne, ce parfum offre une alternative sophistiqu\u00e9e et premium sans compromis. Con\u00e7u pour ceux qui recherchent une exp\u00e9rience olfactive unique et intemporelle, ALASSIL-255 est&hellip;<\/p>\n","protected":false},"featured_media":2105,"comment_status":"open","ping_status":"closed","template":"","meta":[],"product_cat":[17],"product_tag":[],"brand":[648,646],"note":[],"usage":[],"season":[],"class_list":{"0":"post-1713","1":"product","2":"type-product","3":"status-publish","4":"has-post-thumbnail","6":"product_cat-homme","7":"brand-one-million-elixir","8":"brand-paco-rabanne","10":"first","11":"instock","12":"taxable","13":"shipping-taxable","14":"purchasable","15":"product-type-variable"},"_links":{"self":[{"href":"https:\/\/alassilparfum.com\/fr\/wp-json\/wp\/v2\/product\/1713","targetHints":{"allow":["GET"]}}],"collection":[{"href":"https:\/\/alassilparfum.com\/fr\/wp-json\/wp\/v2\/product"}],"about":[{"href":"https:\/\/alassilparfum.com\/fr\/wp-json\/wp\/v2\/types\/product"}],"replies":[{"embeddable":true,"href":"https:\/\/alassilparfum.com\/fr\/wp-json\/wp\/v2\/comments?post=1713"}],"wp:featuredmedia":[{"embeddable":true,"href":"https:\/\/alassilparfum.com\/fr\/wp-json\/wp\/v2\/media\/2105"}],"wp:attachment":[{"href":"https:\/\/alassilparfum.com\/fr\/wp-json\/wp\/v2\/media?parent=1713"}],"wp:term":[{"taxonomy":"product_cat","embeddable":true,"href":"https:\/\/alassilparfum.com\/fr\/wp-json\/wp\/v2\/product_cat?post=1713"},{"taxonomy":"product_tag","embeddable":true,"href":"https:\/\/alassilparfum.com\/fr\/wp-json\/wp\/v2\/product_tag?post=1713"},{"taxonomy":"brand","embeddable":true,"href":"https:\/\/alassilparfum.com\/fr\/wp-json\/wp\/v2\/brand?post=1713"},{"taxonomy":"note","embeddable":true,"href":"https:\/\/alassilparfum.com\/fr\/wp-json\/wp\/v2\/note?post=1713"},{"taxonomy":"usage","embeddable":true,"href":"https:\/\/alassilparfum.com\/fr\/wp-json\/wp\/v2\/usage?post=1713"},{"taxonomy":"season","embeddable":true,"href":"https:\/\/alassilparfum.com\/fr\/wp-json\/wp\/v2\/season?post=1713"}],"curies":[{"name":"wp","href":"https:\/\/api.w.org\/{rel}","templated":true}]}}