{"id":1742,"date":"2025-05-18T07:26:50","date_gmt":"2025-05-18T07:26:50","guid":{"rendered":"https:\/\/alassilparfum.com\/product\/alassil-284\/"},"modified":"2026-02-17T10:26:55","modified_gmt":"2026-02-17T10:26:55","slug":"alassil-284","status":"publish","type":"product","link":"https:\/\/alassilparfum.com\/fr\/product\/alassil-284\/","title":{"rendered":"<span class='brand-text'>Evoque  Love is Heavenly  de  Victoria's Secret<\/span> - ALASSIL-284"},"content":{"rendered":"<h2>La promesse d&rsquo;une exp\u00e9rience olfactive unique<\/h2>\n<p>Plongez dans l&rsquo;univers d\u00e9licat de notre parfum dupe de Love is Heavenly de Victoria&rsquo;s Secret. Cette fragrance f\u00e9minine, \u00e9l\u00e9gante et accessible, vous s\u00e9duira par sa composition florale orientale gourmande. Un v\u00e9ritable hommage \u00e0 celles qui veulent se sentir belles et confiantes, \u00e0 tout moment de leur journ\u00e9e.<\/p>\n<h2>Une composition harmonieuse<\/h2>\n<p>Ce parfum enchanteur s&rsquo;ouvre sur des notes fra\u00eeches de poire et de cassis, apportant une touche l\u00e9g\u00e8re et fruit\u00e9e qui capte l&rsquo;attention d\u00e8s la premi\u00e8re inhalation. Au c\u0153ur, vous d\u00e9couvrirez un bouquet raffin\u00e9 d&rsquo;iris, de jasmin et de fleur d\u2019oranger, qui enveloppe vos sens d&rsquo;une douceur florale exquise. Enfin, le fond compos\u00e9 de vanille, de pralin\u00e9 et de patchouli cr\u00e9e une harmonie chaleureuse et r\u00e9confortante, id\u00e9ale pour accompagner vos soir\u00e9es \u00e9l\u00e9gantes. Chaque vaporisation vous transporte dans un voyage sensoriel, rendant ce dupe incontournable dans votre collection.<\/p>\n<h2>Parfait pour chaque occasion<\/h2>\n<p>Que vous souhaitiez ajouter une touche de glamour \u00e0 votre routine quotidienne ou pr\u00e9parer un moment sp\u00e9cial lors d\u2019une soir\u00e9e, ce parfum s\u2019adapte \u00e0 toutes les situations. Sa richesse olfactive le rend particuli\u00e8rement adapt\u00e9 aux saisons d&rsquo;automne et d&rsquo;hiver, o\u00f9 ses notes chaleureuses et sensuelles r\u00e9sonnent avec l\u2019atmosph\u00e8re ambiante. Offrez-vous ou faites plaisir avec ce parfum qui vous donnera instantan\u00e9ment une aura de myst\u00e8re et d&rsquo;\u00e9l\u00e9gance.<\/p>\n","protected":false},"excerpt":{"rendered":"<p>La promesse d&rsquo;une exp\u00e9rience olfactive unique Plongez dans l&rsquo;univers d\u00e9licat de notre parfum dupe de Love is Heavenly de Victoria&rsquo;s Secret. Cette fragrance f\u00e9minine, \u00e9l\u00e9gante et accessible, vous s\u00e9duira par sa composition florale orientale gourmande. Un v\u00e9ritable hommage \u00e0 celles qui veulent se sentir belles et confiantes, \u00e0 tout moment de leur journ\u00e9e. Une composition&hellip;<\/p>\n","protected":false},"featured_media":2106,"comment_status":"open","ping_status":"closed","template":"","meta":[],"product_cat":[16,15],"product_tag":[],"brand":[616,615],"note":[147,146,448,529,232,569,187,178,313,169,145],"usage":[],"season":[],"class_list":{"0":"post-1742","1":"product","2":"type-product","3":"status-publish","4":"has-post-thumbnail","6":"product_cat-femme","7":"product_cat-uncategorized","8":"brand-love-is-heavenly","9":"brand-victorias-secret","10":"note-base","11":"note-coeur","12":"note-fleur-doranger-coeur","13":"note-frais","14":"note-fruitee","15":"note-iris-base","16":"note-iris","17":"note-jasmin","18":"note-patchouli-boisee","19":"note-poire","20":"note-tete","22":"first","23":"instock","24":"taxable","25":"shipping-taxable","26":"purchasable","27":"product-type-variable"},"_links":{"self":[{"href":"https:\/\/alassilparfum.com\/fr\/wp-json\/wp\/v2\/product\/1742","targetHints":{"allow":["GET"]}}],"collection":[{"href":"https:\/\/alassilparfum.com\/fr\/wp-json\/wp\/v2\/product"}],"about":[{"href":"https:\/\/alassilparfum.com\/fr\/wp-json\/wp\/v2\/types\/product"}],"replies":[{"embeddable":true,"href":"https:\/\/alassilparfum.com\/fr\/wp-json\/wp\/v2\/comments?post=1742"}],"wp:featuredmedia":[{"embeddable":true,"href":"https:\/\/alassilparfum.com\/fr\/wp-json\/wp\/v2\/media\/2106"}],"wp:attachment":[{"href":"https:\/\/alassilparfum.com\/fr\/wp-json\/wp\/v2\/media?parent=1742"}],"wp:term":[{"taxonomy":"product_cat","embeddable":true,"href":"https:\/\/alassilparfum.com\/fr\/wp-json\/wp\/v2\/product_cat?post=1742"},{"taxonomy":"product_tag","embeddable":true,"href":"https:\/\/alassilparfum.com\/fr\/wp-json\/wp\/v2\/product_tag?post=1742"},{"taxonomy":"brand","embeddable":true,"href":"https:\/\/alassilparfum.com\/fr\/wp-json\/wp\/v2\/brand?post=1742"},{"taxonomy":"note","embeddable":true,"href":"https:\/\/alassilparfum.com\/fr\/wp-json\/wp\/v2\/note?post=1742"},{"taxonomy":"usage","embeddable":true,"href":"https:\/\/alassilparfum.com\/fr\/wp-json\/wp\/v2\/usage?post=1742"},{"taxonomy":"season","embeddable":true,"href":"https:\/\/alassilparfum.com\/fr\/wp-json\/wp\/v2\/season?post=1742"}],"curies":[{"name":"wp","href":"https:\/\/api.w.org\/{rel}","templated":true}]}}