{"id":907,"date":"2024-11-08T14:10:04","date_gmt":"2024-11-08T14:10:04","guid":{"rendered":"https:\/\/alassilparfum.com\/?post_type=product&#038;p=907"},"modified":"2025-10-16T15:45:12","modified_gmt":"2025-10-16T15:45:12","slug":"alassil-007","status":"publish","type":"product","link":"https:\/\/alassilparfum.com\/fr\/product\/alassil-007\/","title":{"rendered":"<span class='brand-text'>Evoque  MY BURBERRY  de  BURBERRY<\/span> - ALASSIL-007"},"content":{"rendered":"<h2>Une \u00c9vasion Sensorielle<\/h2>\n<p>Notre parfum \u00e9quivalent \u00e0 My Burberry de Burberry vous plonge dans une v\u00e9ritable aventure aromatique. Con\u00e7u pour \u00e9voquer la fra\u00eecheur des jardins anglais sous la pluie, ce parfum allie \u00e9l\u00e9gance et modernit\u00e9.<\/p>\n<h2>Des Notes Subtiles<\/h2>\n<p>Ce parfum se distingue par ses notes de t\u00eate florales, avec un m\u00e9lange d\u00e9licat de bergamote et de rose, offrant une exp\u00e9rience olfactive raffin\u00e9e. Ses notes de c\u0153ur, quant \u00e0 elles, r\u00e9v\u00e8lent la profondeur d&rsquo;un parfum sophistiqu\u00e9.<\/p>\n<h2>Un Choix Id\u00e9al<\/h2>\n<p>Que ce soit pour une occasion sp\u00e9ciale ou un usage quotidien, notre parfum \u00e9quivalent \u00e0 My Burberry saura vous s\u00e9duire. Profitez d&rsquo;un parfum de qualit\u00e9 qui capture l&rsquo;essence m\u00eame du chic britannique.<\/p>\n","protected":false},"excerpt":{"rendered":"<p>Une \u00c9vasion Sensorielle Notre parfum \u00e9quivalent \u00e0 My Burberry de Burberry vous plonge dans une v\u00e9ritable aventure aromatique. Con\u00e7u pour \u00e9voquer la fra\u00eecheur des jardins anglais sous la pluie, ce parfum allie \u00e9l\u00e9gance et modernit\u00e9. Des Notes Subtiles Ce parfum se distingue par ses notes de t\u00eate florales, avec un m\u00e9lange d\u00e9licat de bergamote et&hellip;<\/p>\n","protected":false},"featured_media":1899,"comment_status":"open","ping_status":"closed","template":"","meta":[],"product_cat":[16],"product_tag":[],"brand":[49,57],"note":[147,156,146,390,233,185,232,180,234,198,389,392,391,145],"usage":[394,384,393,395],"season":[222,221],"class_list":{"0":"post-907","1":"product","2":"type-product","3":"status-publish","4":"has-post-thumbnail","6":"product_cat-femme","7":"brand-burberry","8":"brand-my-burberry","9":"note-base","10":"note-bergamote","11":"note-coeur","12":"note-coing","13":"note-floral","14":"note-freesia","15":"note-fruitee","16":"note-geranium","17":"note-oriental","18":"note-patchouli","19":"note-pois-de-senteur","20":"note-roses-centifolia","21":"note-roses-de-damas","22":"note-tete","23":"usage-au-travail","24":"usage-occasions-en-journee","25":"usage-occasuons-decontractees","26":"usage-sorties-en-plein-air","27":"season-lete","28":"season-printemps","30":"first","31":"instock","32":"taxable","33":"shipping-taxable","34":"purchasable","35":"product-type-variable"},"_links":{"self":[{"href":"https:\/\/alassilparfum.com\/fr\/wp-json\/wp\/v2\/product\/907","targetHints":{"allow":["GET"]}}],"collection":[{"href":"https:\/\/alassilparfum.com\/fr\/wp-json\/wp\/v2\/product"}],"about":[{"href":"https:\/\/alassilparfum.com\/fr\/wp-json\/wp\/v2\/types\/product"}],"replies":[{"embeddable":true,"href":"https:\/\/alassilparfum.com\/fr\/wp-json\/wp\/v2\/comments?post=907"}],"wp:featuredmedia":[{"embeddable":true,"href":"https:\/\/alassilparfum.com\/fr\/wp-json\/wp\/v2\/media\/1899"}],"wp:attachment":[{"href":"https:\/\/alassilparfum.com\/fr\/wp-json\/wp\/v2\/media?parent=907"}],"wp:term":[{"taxonomy":"product_cat","embeddable":true,"href":"https:\/\/alassilparfum.com\/fr\/wp-json\/wp\/v2\/product_cat?post=907"},{"taxonomy":"product_tag","embeddable":true,"href":"https:\/\/alassilparfum.com\/fr\/wp-json\/wp\/v2\/product_tag?post=907"},{"taxonomy":"brand","embeddable":true,"href":"https:\/\/alassilparfum.com\/fr\/wp-json\/wp\/v2\/brand?post=907"},{"taxonomy":"note","embeddable":true,"href":"https:\/\/alassilparfum.com\/fr\/wp-json\/wp\/v2\/note?post=907"},{"taxonomy":"usage","embeddable":true,"href":"https:\/\/alassilparfum.com\/fr\/wp-json\/wp\/v2\/usage?post=907"},{"taxonomy":"season","embeddable":true,"href":"https:\/\/alassilparfum.com\/fr\/wp-json\/wp\/v2\/season?post=907"}],"curies":[{"name":"wp","href":"https:\/\/api.w.org\/{rel}","templated":true}]}}